{"id":595,"date":"2026-02-05T08:36:00","date_gmt":"2026-02-05T07:36:00","guid":{"rendered":"https:\/\/solucionesagua.es\/blog\/"},"modified":"2026-03-30T11:26:14","modified_gmt":"2026-03-30T09:26:14","slug":"blog","status":"publish","type":"page","link":"https:\/\/solucionesagua.es\/ca\/blog\/","title":{"rendered":"Blog"},"content":{"rendered":"\t\t<div data-elementor-type=\"wp-page\" data-elementor-id=\"595\" class=\"elementor elementor-595 elementor-48\" data-elementor-post-type=\"page\">\n\t\t\t\t<div class=\"elementor-element elementor-element-f3d2718 e-con-full e-flex e-con e-parent\" data-id=\"f3d2718\" data-element_type=\"container\" data-e-type=\"container\" data-settings=\"{&quot;background_background&quot;:&quot;classic&quot;}\">\n\t\t<div class=\"elementor-element elementor-element-5fc6cee e-con-full elementor-hidden-desktop e-flex e-con e-child\" data-id=\"5fc6cee\" data-element_type=\"container\" data-e-type=\"container\">\n\t\t\t\t<div class=\"elementor-element elementor-element-cbe20ec elementor-widget elementor-widget-text-editor\" data-id=\"cbe20ec\" data-element_type=\"widget\" data-e-type=\"widget\" data-widget_type=\"text-editor.default\">\n\t\t\t\t\t\t\t\t\t<p>Blog<\/p>\t\t\t\t\t\t\t\t<\/div>\n\t\t\t\t<div class=\"elementor-element elementor-element-255d5b6 elementor-widget elementor-widget-text-editor\" data-id=\"255d5b6\" data-element_type=\"widget\" data-e-type=\"widget\" data-widget_type=\"text-editor.default\">\n\t\t\t\t\t\t\t\t\t<p>Solucions Aigua<\/p>\t\t\t\t\t\t\t\t<\/div>\n\t\t\t\t<\/div>\n\t\t<div class=\"elementor-element elementor-element-31fe41b e-con-full elementor-hidden-tablet elementor-hidden-mobile e-flex e-con e-child\" data-id=\"31fe41b\" data-element_type=\"container\" data-e-type=\"container\">\n\t\t\t\t<div class=\"elementor-element elementor-element-6d634af elementor-widget__width-initial e-transform e-transform e-transform elementor-widget-tablet__width-auto elementor-invisible elementor-widget elementor-widget-text-editor\" data-id=\"6d634af\" data-element_type=\"widget\" data-e-type=\"widget\" data-settings=\"{&quot;_transform_rotateZ_effect&quot;:{&quot;unit&quot;:&quot;px&quot;,&quot;size&quot;:-90,&quot;sizes&quot;:[]},&quot;_transform_translateX_effect&quot;:{&quot;unit&quot;:&quot;px&quot;,&quot;size&quot;:-49,&quot;sizes&quot;:[]},&quot;_transform_translateY_effect&quot;:{&quot;unit&quot;:&quot;px&quot;,&quot;size&quot;:12,&quot;sizes&quot;:[]},&quot;_transform_scale_effect&quot;:{&quot;unit&quot;:&quot;px&quot;,&quot;size&quot;:2,&quot;sizes&quot;:[]},&quot;_transform_rotateZ_effect_tablet&quot;:{&quot;unit&quot;:&quot;deg&quot;,&quot;size&quot;:0,&quot;sizes&quot;:[]},&quot;_transform_translateX_effect_tablet&quot;:{&quot;unit&quot;:&quot;px&quot;,&quot;size&quot;:0,&quot;sizes&quot;:[]},&quot;_transform_translateY_effect_tablet&quot;:{&quot;unit&quot;:&quot;px&quot;,&quot;size&quot;:0,&quot;sizes&quot;:[]},&quot;_transform_scale_effect_tablet&quot;:{&quot;unit&quot;:&quot;px&quot;,&quot;size&quot;:0,&quot;sizes&quot;:[]},&quot;_animation&quot;:&quot;fadeIn&quot;,&quot;_animation_delay&quot;:200,&quot;_transform_rotateZ_effect_mobile&quot;:{&quot;unit&quot;:&quot;deg&quot;,&quot;size&quot;:&quot;&quot;,&quot;sizes&quot;:[]},&quot;_transform_translateX_effect_mobile&quot;:{&quot;unit&quot;:&quot;px&quot;,&quot;size&quot;:&quot;&quot;,&quot;sizes&quot;:[]},&quot;_transform_translateY_effect_mobile&quot;:{&quot;unit&quot;:&quot;px&quot;,&quot;size&quot;:&quot;&quot;,&quot;sizes&quot;:[]},&quot;_transform_scale_effect_mobile&quot;:{&quot;unit&quot;:&quot;px&quot;,&quot;size&quot;:&quot;&quot;,&quot;sizes&quot;:[]}}\" data-widget_type=\"text-editor.default\">\n\t\t\t\t\t\t\t\t\t<p>Solucions Aigua<\/p>\t\t\t\t\t\t\t\t<\/div>\n\t\t\t\t<div class=\"elementor-element elementor-element-fd6af34 elementor-widget__width-initial e-transform e-transform elementor-invisible elementor-widget elementor-widget-text-editor\" data-id=\"fd6af34\" data-element_type=\"widget\" data-e-type=\"widget\" data-settings=\"{&quot;_transform_rotateZ_effect&quot;:{&quot;unit&quot;:&quot;px&quot;,&quot;size&quot;:-90,&quot;sizes&quot;:[]},&quot;_transform_translateX_effect&quot;:{&quot;unit&quot;:&quot;px&quot;,&quot;size&quot;:16,&quot;sizes&quot;:[]},&quot;_transform_translateY_effect&quot;:{&quot;unit&quot;:&quot;px&quot;,&quot;size&quot;:5,&quot;sizes&quot;:[]},&quot;_transform_rotateZ_effect_tablet&quot;:{&quot;unit&quot;:&quot;deg&quot;,&quot;size&quot;:0,&quot;sizes&quot;:[]},&quot;_animation&quot;:&quot;fadeIn&quot;,&quot;_transform_rotateZ_effect_mobile&quot;:{&quot;unit&quot;:&quot;deg&quot;,&quot;size&quot;:&quot;&quot;,&quot;sizes&quot;:[]},&quot;_transform_translateX_effect_tablet&quot;:{&quot;unit&quot;:&quot;px&quot;,&quot;size&quot;:&quot;&quot;,&quot;sizes&quot;:[]},&quot;_transform_translateX_effect_mobile&quot;:{&quot;unit&quot;:&quot;px&quot;,&quot;size&quot;:&quot;&quot;,&quot;sizes&quot;:[]},&quot;_transform_translateY_effect_tablet&quot;:{&quot;unit&quot;:&quot;px&quot;,&quot;size&quot;:&quot;&quot;,&quot;sizes&quot;:[]},&quot;_transform_translateY_effect_mobile&quot;:{&quot;unit&quot;:&quot;px&quot;,&quot;size&quot;:&quot;&quot;,&quot;sizes&quot;:[]}}\" data-widget_type=\"text-editor.default\">\n\t\t\t\t\t\t\t\t\t<p>Blog<\/p>\t\t\t\t\t\t\t\t<\/div>\n\t\t\t\t<\/div>\n\t\t<div class=\"elementor-element elementor-element-0ced413 e-con-full e-flex e-con e-child\" data-id=\"0ced413\" data-element_type=\"container\" data-e-type=\"container\" data-settings=\"{&quot;background_background&quot;:&quot;classic&quot;}\">\n\t\t\t\t<\/div>\n\t\t<div class=\"elementor-element elementor-element-94eeeac e-con-full e-flex e-con e-child\" data-id=\"94eeeac\" data-element_type=\"container\" data-e-type=\"container\">\n\t\t\t\t<div class=\"elementor-element elementor-element-443e1fb elementor-invisible elementor-widget elementor-widget-heading\" data-id=\"443e1fb\" data-element_type=\"widget\" data-e-type=\"widget\" data-settings=\"{&quot;_animation&quot;:&quot;fadeIn&quot;}\" data-widget_type=\"heading.default\">\n\t\t\t\t\t<h1 class=\"elementor-heading-title elementor-size-default\">Coneixement i actualitat sobre la gesti\u00f3 eficient de l\u2019aigua<\/h1>\t\t\t\t<\/div>\n\t\t\t\t<div class=\"elementor-element elementor-element-dc74041 elementor-invisible elementor-widget elementor-widget-text-editor\" data-id=\"dc74041\" data-element_type=\"widget\" data-e-type=\"widget\" data-settings=\"{&quot;_animation&quot;:&quot;fadeIn&quot;,&quot;_animation_delay&quot;:200}\" data-widget_type=\"text-editor.default\">\n\t\t\t\t\t\t\t\t\t<p>El Blog de Solucions Aigua \u00e9s un espai dedicat a compartir coneixement, actualitat i reflexi\u00f3 al voltant de la gesti\u00f3 de l\u2019aigua, la reutilitzaci\u00f3 de recursos h\u00eddrics i la sostenibilitat. Un punt de refer\u00e8ncia pensat per informar, aportar context i acompanyar la presa de decisions t\u00e8cniques i estrat\u00e8giques.<br>A trav\u00e9s de continguts clars i especialitzats, el blog aborda els principals reptes i oportunitats relacionats amb l\u2019\u00fas eficient de l\u2019aigua en diferents sectors i entorns. <\/p>\t\t\t\t\t\t\t\t<\/div>\n\t\t\t\t<div class=\"elementor-element elementor-element-de5b1a8 elementor-invisible elementor-widget elementor-widget-button\" data-id=\"de5b1a8\" data-element_type=\"widget\" data-e-type=\"widget\" data-settings=\"{&quot;_animation&quot;:&quot;fadeIn&quot;,&quot;_animation_delay&quot;:400}\" data-widget_type=\"button.default\">\n\t\t\t\t\t\t\t\t\t\t<a class=\"elementor-button elementor-button-link elementor-size-sm\" href=\"https:\/\/solucionesagua.es\/ca\/contacte\/\">\n\t\t\t\t\t\t<span class=\"elementor-button-content-wrapper\">\n\t\t\t\t\t\t\t\t\t<span class=\"elementor-button-text\">Contacteu amb nosaltres<\/span>\n\t\t\t\t\t<\/span>\n\t\t\t\t\t<\/a>\n\t\t\t\t\t\t\t\t<\/div>\n\t\t\t\t<\/div>\n\t\t\t\t<\/div>\n\t\t<div class=\"elementor-element elementor-element-6ed0d67 e-con-full e-flex e-con e-parent\" data-id=\"6ed0d67\" data-element_type=\"container\" data-e-type=\"container\">\n\t\t<div class=\"elementor-element elementor-element-6d7f393 e-con-full e-flex e-con e-child\" data-id=\"6d7f393\" data-element_type=\"container\" data-e-type=\"container\">\n\t\t<div class=\"elementor-element elementor-element-20faec4 e-con-full e-flex e-con e-child\" data-id=\"20faec4\" data-element_type=\"container\" data-e-type=\"container\">\n\t\t\t\t<div class=\"elementor-element elementor-element-77d47c7 elementor-invisible elementor-widget elementor-widget-heading\" data-id=\"77d47c7\" data-element_type=\"widget\" data-e-type=\"widget\" data-settings=\"{&quot;_animation&quot;:&quot;fadeIn&quot;}\" data-widget_type=\"heading.default\">\n\t\t\t\t\t<h2 class=\"elementor-heading-title elementor-size-default\">Blog<\/h2>\t\t\t\t<\/div>\n\t\t\t\t<div class=\"elementor-element elementor-element-dd98571 elementor-invisible elementor-widget elementor-widget-text-editor\" data-id=\"dd98571\" data-element_type=\"widget\" data-e-type=\"widget\" data-settings=\"{&quot;_animation&quot;:&quot;fadeIn&quot;,&quot;_animation_delay&quot;:200}\" data-widget_type=\"text-editor.default\">\n\t\t\t\t\t\t\t\t\t<p>Publiquem articles t\u00e8cnics i divulgatius centrats en la reutilitzaci\u00f3 de l\u2019aigua, l\u2019optimitzaci\u00f3 del consum i la millora del rendiment dels sistemes hidr\u00e0ulics. Els continguts estan orientats a oferir informaci\u00f3 pr\u00e0ctica, criteris t\u00e8cnics i bones pr\u00e0ctiques aplicables a projectes reals. <\/p>\t\t\t\t\t\t\t\t<\/div>\n\t\t\t\t<\/div>\n\t\t<div class=\"elementor-element elementor-element-438e8bd e-con-full e-flex e-con e-child\" data-id=\"438e8bd\" data-element_type=\"container\" data-e-type=\"container\">\n\t\t\t\t<\/div>\n\t\t\t\t<\/div>\n\t\t\t\t<\/div>\n\t\t<div class=\"elementor-element elementor-element-161ff10 e-con-full e-flex e-con e-parent\" data-id=\"161ff10\" data-element_type=\"container\" data-e-type=\"container\">\n\t\t<div class=\"elementor-element elementor-element-eb42d1e e-con-full e-flex e-con e-child\" data-id=\"eb42d1e\" data-element_type=\"container\" data-e-type=\"container\">\n\t\t\t\t<div class=\"elementor-element elementor-element-daa2b2b elementor-widget elementor-widget-jet-listing-grid\" data-id=\"daa2b2b\" data-element_type=\"widget\" data-e-type=\"widget\" data-settings=\"{&quot;columns&quot;:&quot;2&quot;,&quot;columns_mobile&quot;:&quot;1&quot;}\" data-widget_type=\"jet-listing-grid.default\">\n\t\t\t\t\t<div class=\"jet-listing-grid jet-listing\"><div class=\"jet-listing-not-found jet-listing-grid__items\" data-nav=\"{&quot;enabled&quot;:false,&quot;type&quot;:null,&quot;more_el&quot;:null,&quot;query&quot;:[],&quot;widget_settings&quot;:{&quot;lisitng_id&quot;:215,&quot;posts_num&quot;:6,&quot;columns&quot;:2,&quot;columns_tablet&quot;:2,&quot;columns_mobile&quot;:1,&quot;column_min_width&quot;:240,&quot;column_min_width_tablet&quot;:240,&quot;column_min_width_mobile&quot;:240,&quot;inline_columns_css&quot;:false,&quot;is_archive_template&quot;:&quot;&quot;,&quot;post_status&quot;:[&quot;publish&quot;],&quot;use_random_posts_num&quot;:&quot;&quot;,&quot;max_posts_num&quot;:9,&quot;not_found_message&quot;:&quot;No s\\u2019han trobat dades&quot;,&quot;is_masonry&quot;:false,&quot;equal_columns_height&quot;:&quot;yes&quot;,&quot;use_load_more&quot;:&quot;&quot;,&quot;load_more_id&quot;:&quot;&quot;,&quot;load_more_type&quot;:&quot;click&quot;,&quot;load_more_offset&quot;:{&quot;unit&quot;:&quot;px&quot;,&quot;size&quot;:0,&quot;sizes&quot;:[]},&quot;use_custom_post_types&quot;:&quot;&quot;,&quot;custom_post_types&quot;:[],&quot;hide_widget_if&quot;:&quot;&quot;,&quot;carousel_enabled&quot;:&quot;&quot;,&quot;slides_to_scroll&quot;:&quot;1&quot;,&quot;arrows&quot;:&quot;true&quot;,&quot;arrow_icon&quot;:&quot;fa fa-angle-left&quot;,&quot;dots&quot;:&quot;&quot;,&quot;autoplay&quot;:&quot;true&quot;,&quot;pause_on_hover&quot;:&quot;true&quot;,&quot;autoplay_speed&quot;:5000,&quot;infinite&quot;:&quot;true&quot;,&quot;center_mode&quot;:&quot;&quot;,&quot;effect&quot;:&quot;slide&quot;,&quot;speed&quot;:500,&quot;inject_alternative_items&quot;:&quot;&quot;,&quot;injection_items&quot;:[],&quot;scroll_slider_enabled&quot;:&quot;&quot;,&quot;scroll_slider_on&quot;:[&quot;desktop&quot;,&quot;tablet&quot;,&quot;mobile&quot;],&quot;custom_query&quot;:false,&quot;custom_query_id&quot;:&quot;&quot;,&quot;_element_id&quot;:&quot;&quot;,&quot;collapse_first_last_gap&quot;:&quot;true&quot;,&quot;list_tag_selection&quot;:&quot;&quot;,&quot;list_items_wrapper_tag&quot;:&quot;div&quot;,&quot;list_item_tag&quot;:&quot;div&quot;,&quot;empty_items_wrapper_tag&quot;:&quot;div&quot;}}\" data-listing-source=\"posts\" data-listing-id=\"215\" data-query-id=\"\" data-queried-id=\"595|WP_Post\">No s\u2019han trobat dades<\/div><\/div>\t\t\t\t<\/div>\n\t\t\t\t<\/div>\n\t\t\t\t<\/div>\n\t\t\t\t<\/div>\n\t\t","protected":false},"excerpt":{"rendered":"<p>Blog Solucions Aigua Solucions Aigua Blog Coneixement i actualitat sobre la gesti\u00f3 eficient de l\u2019aigua El Blog de Solucions Aigua \u00e9s un espai dedicat a compartir coneixement, actualitat i reflexi\u00f3 al voltant de la gesti\u00f3 de l\u2019aigua, la reutilitzaci\u00f3 de recursos h\u00eddrics i la sostenibilitat. Un punt de refer\u00e8ncia pensat per informar, aportar context i [&hellip;]<\/p>\n","protected":false},"author":1,"featured_media":585,"parent":0,"menu_order":0,"comment_status":"closed","ping_status":"closed","template":"","meta":{"footnotes":""},"class_list":["post-595","page","type-page","status-publish","has-post-thumbnail","hentry"],"yoast_head":"<!-- This site is optimized with the Yoast SEO plugin v27.5 - https:\/\/yoast.com\/product\/yoast-seo-wordpress\/ -->\n<title>Blog de solucions per a la gesti\u00f3 de l\u2019aigua - Soluciones para el agua<\/title>\n<meta name=\"description\" content=\"Blog de solucions per a la gesti\u00f3 de l\u2019aigua. Idees, consells i tend\u00e8ncies per a un \u00fas eficient i sostenible del recurs h\u00eddric.\" \/>\n<meta name=\"robots\" content=\"index, follow, max-snippet:-1, max-image-preview:large, max-video-preview:-1\" \/>\n<link rel=\"canonical\" href=\"https:\/\/solucionesagua.es\/ca\/blog\/\" \/>\n<meta property=\"og:locale\" content=\"ca_ES\" \/>\n<meta property=\"og:type\" content=\"article\" \/>\n<meta property=\"og:title\" content=\"Blog de solucions per a la gesti\u00f3 de l\u2019aigua - Soluciones para el agua\" \/>\n<meta property=\"og:description\" content=\"Blog de solucions per a la gesti\u00f3 de l\u2019aigua. Idees, consells i tend\u00e8ncies per a un \u00fas eficient i sostenible del recurs h\u00eddric.\" \/>\n<meta property=\"og:url\" content=\"https:\/\/solucionesagua.es\/ca\/blog\/\" \/>\n<meta property=\"og:site_name\" content=\"Soluciones para el agua\" \/>\n<meta property=\"article:modified_time\" content=\"2026-03-30T09:26:14+00:00\" \/>\n<meta property=\"og:image\" content=\"https:\/\/solucionesagua.es\/wp-content\/uploads\/2026\/02\/IconaSolucionesAgua.png\" \/>\n\t<meta property=\"og:image:width\" content=\"929\" \/>\n\t<meta property=\"og:image:height\" content=\"960\" \/>\n\t<meta property=\"og:image:type\" content=\"image\/png\" \/>\n<meta name=\"twitter:card\" content=\"summary_large_image\" \/>\n<meta name=\"twitter:label1\" content=\"Temps estimat de lectura\" \/>\n\t<meta name=\"twitter:data1\" content=\"1 minut\" \/>\n<script type=\"application\/ld+json\" class=\"yoast-schema-graph\">{\"@context\":\"https:\\\/\\\/schema.org\",\"@graph\":[{\"@type\":\"WebPage\",\"@id\":\"https:\\\/\\\/solucionesagua.es\\\/ca\\\/blog\\\/\",\"url\":\"https:\\\/\\\/solucionesagua.es\\\/ca\\\/blog\\\/\",\"name\":\"Blog de solucions per a la gesti\u00f3 de l\u2019aigua - Soluciones para el agua\",\"isPartOf\":{\"@id\":\"https:\\\/\\\/solucionesagua.es\\\/ca\\\/#website\"},\"primaryImageOfPage\":{\"@id\":\"https:\\\/\\\/solucionesagua.es\\\/ca\\\/blog\\\/#primaryimage\"},\"image\":{\"@id\":\"https:\\\/\\\/solucionesagua.es\\\/ca\\\/blog\\\/#primaryimage\"},\"thumbnailUrl\":\"https:\\\/\\\/solucionesagua.es\\\/wp-content\\\/uploads\\\/2026\\\/02\\\/IconaSolucionesAgua.png\",\"datePublished\":\"2026-02-05T07:36:00+00:00\",\"dateModified\":\"2026-03-30T09:26:14+00:00\",\"description\":\"Blog de solucions per a la gesti\u00f3 de l\u2019aigua. Idees, consells i tend\u00e8ncies per a un \u00fas eficient i sostenible del recurs h\u00eddric.\",\"breadcrumb\":{\"@id\":\"https:\\\/\\\/solucionesagua.es\\\/ca\\\/blog\\\/#breadcrumb\"},\"inLanguage\":\"ca\",\"potentialAction\":[{\"@type\":\"ReadAction\",\"target\":[\"https:\\\/\\\/solucionesagua.es\\\/ca\\\/blog\\\/\"]}]},{\"@type\":\"ImageObject\",\"inLanguage\":\"ca\",\"@id\":\"https:\\\/\\\/solucionesagua.es\\\/ca\\\/blog\\\/#primaryimage\",\"url\":\"https:\\\/\\\/solucionesagua.es\\\/wp-content\\\/uploads\\\/2026\\\/02\\\/IconaSolucionesAgua.png\",\"contentUrl\":\"https:\\\/\\\/solucionesagua.es\\\/wp-content\\\/uploads\\\/2026\\\/02\\\/IconaSolucionesAgua.png\",\"width\":929,\"height\":960,\"caption\":\"Icona Soluciones Agua\"},{\"@type\":\"BreadcrumbList\",\"@id\":\"https:\\\/\\\/solucionesagua.es\\\/ca\\\/blog\\\/#breadcrumb\",\"itemListElement\":[{\"@type\":\"ListItem\",\"position\":1,\"name\":\"Portada\",\"item\":\"https:\\\/\\\/solucionesagua.es\\\/ca\\\/inici\\\/\"},{\"@type\":\"ListItem\",\"position\":2,\"name\":\"Blog\"}]},{\"@type\":\"WebSite\",\"@id\":\"https:\\\/\\\/solucionesagua.es\\\/ca\\\/#website\",\"url\":\"https:\\\/\\\/solucionesagua.es\\\/ca\\\/\",\"name\":\"Soluciones para el agua\",\"description\":\"Gesti\u00f3n sostenible de los recursos h\u00eddricos, la reutilizaci\u00f3n y reciclaje del agua\",\"publisher\":{\"@id\":\"https:\\\/\\\/solucionesagua.es\\\/ca\\\/#organization\"},\"potentialAction\":[{\"@type\":\"SearchAction\",\"target\":{\"@type\":\"EntryPoint\",\"urlTemplate\":\"https:\\\/\\\/solucionesagua.es\\\/ca\\\/?s={search_term_string}\"},\"query-input\":{\"@type\":\"PropertyValueSpecification\",\"valueRequired\":true,\"valueName\":\"search_term_string\"}}],\"inLanguage\":\"ca\"},{\"@type\":\"Organization\",\"@id\":\"https:\\\/\\\/solucionesagua.es\\\/ca\\\/#organization\",\"name\":\"Soluciones para el agua\",\"url\":\"https:\\\/\\\/solucionesagua.es\\\/ca\\\/\",\"logo\":{\"@type\":\"ImageObject\",\"inLanguage\":\"ca\",\"@id\":\"https:\\\/\\\/solucionesagua.es\\\/ca\\\/#\\\/schema\\\/logo\\\/image\\\/\",\"url\":\"https:\\\/\\\/solucionesagua.es\\\/wp-content\\\/uploads\\\/2026\\\/02\\\/logoSolucionesAgua.png\",\"contentUrl\":\"https:\\\/\\\/solucionesagua.es\\\/wp-content\\\/uploads\\\/2026\\\/02\\\/logoSolucionesAgua.png\",\"width\":2351,\"height\":960,\"caption\":\"Soluciones para el agua\"},\"image\":{\"@id\":\"https:\\\/\\\/solucionesagua.es\\\/ca\\\/#\\\/schema\\\/logo\\\/image\\\/\"}}]}<\/script>\n<!-- \/ Yoast SEO plugin. -->","yoast_head_json":{"title":"Blog de solucions per a la gesti\u00f3 de l\u2019aigua - Soluciones para el agua","description":"Blog de solucions per a la gesti\u00f3 de l\u2019aigua. Idees, consells i tend\u00e8ncies per a un \u00fas eficient i sostenible del recurs h\u00eddric.","robots":{"index":"index","follow":"follow","max-snippet":"max-snippet:-1","max-image-preview":"max-image-preview:large","max-video-preview":"max-video-preview:-1"},"canonical":"https:\/\/solucionesagua.es\/ca\/blog\/","og_locale":"ca_ES","og_type":"article","og_title":"Blog de solucions per a la gesti\u00f3 de l\u2019aigua - Soluciones para el agua","og_description":"Blog de solucions per a la gesti\u00f3 de l\u2019aigua. Idees, consells i tend\u00e8ncies per a un \u00fas eficient i sostenible del recurs h\u00eddric.","og_url":"https:\/\/solucionesagua.es\/ca\/blog\/","og_site_name":"Soluciones para el agua","article_modified_time":"2026-03-30T09:26:14+00:00","og_image":[{"width":929,"height":960,"url":"https:\/\/solucionesagua.es\/wp-content\/uploads\/2026\/02\/IconaSolucionesAgua.png","type":"image\/png"}],"twitter_card":"summary_large_image","twitter_misc":{"Temps estimat de lectura":"1 minut"},"schema":{"@context":"https:\/\/schema.org","@graph":[{"@type":"WebPage","@id":"https:\/\/solucionesagua.es\/ca\/blog\/","url":"https:\/\/solucionesagua.es\/ca\/blog\/","name":"Blog de solucions per a la gesti\u00f3 de l\u2019aigua - Soluciones para el agua","isPartOf":{"@id":"https:\/\/solucionesagua.es\/ca\/#website"},"primaryImageOfPage":{"@id":"https:\/\/solucionesagua.es\/ca\/blog\/#primaryimage"},"image":{"@id":"https:\/\/solucionesagua.es\/ca\/blog\/#primaryimage"},"thumbnailUrl":"https:\/\/solucionesagua.es\/wp-content\/uploads\/2026\/02\/IconaSolucionesAgua.png","datePublished":"2026-02-05T07:36:00+00:00","dateModified":"2026-03-30T09:26:14+00:00","description":"Blog de solucions per a la gesti\u00f3 de l\u2019aigua. Idees, consells i tend\u00e8ncies per a un \u00fas eficient i sostenible del recurs h\u00eddric.","breadcrumb":{"@id":"https:\/\/solucionesagua.es\/ca\/blog\/#breadcrumb"},"inLanguage":"ca","potentialAction":[{"@type":"ReadAction","target":["https:\/\/solucionesagua.es\/ca\/blog\/"]}]},{"@type":"ImageObject","inLanguage":"ca","@id":"https:\/\/solucionesagua.es\/ca\/blog\/#primaryimage","url":"https:\/\/solucionesagua.es\/wp-content\/uploads\/2026\/02\/IconaSolucionesAgua.png","contentUrl":"https:\/\/solucionesagua.es\/wp-content\/uploads\/2026\/02\/IconaSolucionesAgua.png","width":929,"height":960,"caption":"Icona Soluciones Agua"},{"@type":"BreadcrumbList","@id":"https:\/\/solucionesagua.es\/ca\/blog\/#breadcrumb","itemListElement":[{"@type":"ListItem","position":1,"name":"Portada","item":"https:\/\/solucionesagua.es\/ca\/inici\/"},{"@type":"ListItem","position":2,"name":"Blog"}]},{"@type":"WebSite","@id":"https:\/\/solucionesagua.es\/ca\/#website","url":"https:\/\/solucionesagua.es\/ca\/","name":"Soluciones para el agua","description":"Gesti\u00f3n sostenible de los recursos h\u00eddricos, la reutilizaci\u00f3n y reciclaje del agua","publisher":{"@id":"https:\/\/solucionesagua.es\/ca\/#organization"},"potentialAction":[{"@type":"SearchAction","target":{"@type":"EntryPoint","urlTemplate":"https:\/\/solucionesagua.es\/ca\/?s={search_term_string}"},"query-input":{"@type":"PropertyValueSpecification","valueRequired":true,"valueName":"search_term_string"}}],"inLanguage":"ca"},{"@type":"Organization","@id":"https:\/\/solucionesagua.es\/ca\/#organization","name":"Soluciones para el agua","url":"https:\/\/solucionesagua.es\/ca\/","logo":{"@type":"ImageObject","inLanguage":"ca","@id":"https:\/\/solucionesagua.es\/ca\/#\/schema\/logo\/image\/","url":"https:\/\/solucionesagua.es\/wp-content\/uploads\/2026\/02\/logoSolucionesAgua.png","contentUrl":"https:\/\/solucionesagua.es\/wp-content\/uploads\/2026\/02\/logoSolucionesAgua.png","width":2351,"height":960,"caption":"Soluciones para el agua"},"image":{"@id":"https:\/\/solucionesagua.es\/ca\/#\/schema\/logo\/image\/"}}]}},"_links":{"self":[{"href":"https:\/\/solucionesagua.es\/ca\/wp-json\/wp\/v2\/pages\/595","targetHints":{"allow":["GET"]}}],"collection":[{"href":"https:\/\/solucionesagua.es\/ca\/wp-json\/wp\/v2\/pages"}],"about":[{"href":"https:\/\/solucionesagua.es\/ca\/wp-json\/wp\/v2\/types\/page"}],"author":[{"embeddable":true,"href":"https:\/\/solucionesagua.es\/ca\/wp-json\/wp\/v2\/users\/1"}],"replies":[{"embeddable":true,"href":"https:\/\/solucionesagua.es\/ca\/wp-json\/wp\/v2\/comments?post=595"}],"version-history":[{"count":1,"href":"https:\/\/solucionesagua.es\/ca\/wp-json\/wp\/v2\/pages\/595\/revisions"}],"predecessor-version":[{"id":598,"href":"https:\/\/solucionesagua.es\/ca\/wp-json\/wp\/v2\/pages\/595\/revisions\/598"}],"wp:featuredmedia":[{"embeddable":true,"href":"https:\/\/solucionesagua.es\/ca\/wp-json\/wp\/v2\/media\/585"}],"wp:attachment":[{"href":"https:\/\/solucionesagua.es\/ca\/wp-json\/wp\/v2\/media?parent=595"}],"curies":[{"name":"wp","href":"https:\/\/api.w.org\/{rel}","templated":true}]}}