{"id":592,"date":"2026-02-12T09:03:06","date_gmt":"2026-02-12T08:03:06","guid":{"rendered":"https:\/\/solucionesagua.es\/politica-de-galetes\/"},"modified":"2026-03-30T11:26:05","modified_gmt":"2026-03-30T09:26:05","slug":"politica-de-galetes","status":"publish","type":"page","link":"https:\/\/solucionesagua.es\/ca\/politica-de-galetes\/","title":{"rendered":"Pol\u00edtica de galetes"},"content":{"rendered":"\n<p><em>Aquesta pol\u00edtica de galetes va ser actualitzada per \u00faltima vegada l&#8217;11\/04\/2024 i s&#8217;aplica als ciutadans i residents legals permanents de l&#8217;Espai Econ\u00f2mic Europeu i Su\u00efssa.<\/em><\/p>\n\n<h2 class=\"wp-block-heading\" id=\"1-introduccion\">1. Introducci\u00f3<\/h2>\n\n<p>La nostra web, <a href=\"https:\/\/solucionesagua.es\/ca\/\">https:\/\/solucionesagua.es\/<\/a> (d&#8217;ara endavant: \u00abla web\u00bb) utilitza galetes i altres tecnologies relacionades (per a m\u00e9s comoditat, totes les tecnologies s&#8217;anomenen \u00abgaletes\u00bb). Les galetes tamb\u00e9 s\u00f3n col\u00b7locades per tercers als quals hem contractat. En el seg\u00fcent document us informem sobre l&#8217;\u00fas de galetes a la nostra web.  <\/p>\n\n<h2 class=\"wp-block-heading\" id=\"2-que-son-las-cookies\">2. Qu\u00e8 s\u00f3n les galetes?<\/h2>\n\n<p>Una galeta \u00e9s un petit fitxer que s&#8217;envia juntament amb les p\u00e0gines d&#8217;aquesta web i que el vostre navegador emmagatzema al disc dur del vostre ordinador o un altre dispositiu. La informaci\u00f3 emmagatzemada pot ser retornada als nostres servidors o als servidors de tercers apropiats durant una visita posterior. <\/p>\n\n<h2 class=\"wp-block-heading\" id=\"3-que-son-los-scripts\">3. Qu\u00e8 s\u00f3n els scripts?<\/h2>\n\n<p>Un script \u00e9s un fragment de codi de programa que s&#8217;utilitza per fer que la nostra web funcioni correctament i de forma interactiva. Aquest codi s&#8217;executa al nostre servidor o al vostre dispositiu. <\/p>\n\n<h2 class=\"wp-block-heading\" id=\"4-que-es-una-baliza-web\">4. Qu\u00e8 \u00e9s una balisa web?<\/h2>\n\n<p>Una balisa web (o una etiqueta de p\u00edxel) \u00e9s una petita i invisible pe\u00e7a de text o imatge en una web que s&#8217;utilitza per monitoritzar el tr\u00e0nsit en una web. Per a aix\u00f2, s&#8217;emmagatzemen diverses dades sobre v\u00f3s mitjan\u00e7ant aquestes balises web. <\/p>\n\n<h2 class=\"wp-block-heading\" id=\"5-cookies\">5. Galetes<\/h2>\n\n<p>5.1 Galetes t\u00e8cniques o funcionals<\/p>\n\n<p>Algunes galetes asseguren que certes parts de la web funcionin correctament i que les vostres prefer\u00e8ncies d&#8217;usuari segueixin recordant-se. En col\u00b7locar galetes funcionals, us facilitem la visita a la nostra web. D&#8217;aquesta manera, no necessiteu introduir repetidament la mateixa informaci\u00f3 quan visiteu la nostra web i, per exemple, els articles romanen a la vostra cistella de la compra fins que h\u00e0giu pagat. Podem col\u00b7locar aquestes galetes sense el vostre consentiment.   <\/p>\n\n<p>5.2 Galetes d&#8217;estad\u00edstiques<\/p>\n\n<p>Utilitzem galetes estad\u00edstiques per optimitzar l&#8217;experi\u00e8ncia de la web per als nostres usuaris. Amb aquestes galetes estad\u00edstiques obtenim informaci\u00f3 sobre l&#8217;\u00fas de la nostra web. Us demanem el vostre perm\u00eds per col\u00b7locar galetes d&#8217;estad\u00edstiques.  <\/p>\n\n<p>5.3 Galetes de m\u00e0rqueting\/seguiment<\/p>\n\n<p>Les galetes de m\u00e0rqueting\/seguiment s\u00f3n galetes, o qualsevol altra forma d&#8217;emmagatzematge local, usades per crear perfils d&#8217;usuari per mostrar publicitat o per fer el seguiment de l&#8217;usuari en aquesta web o en diverses webs amb finalitats de m\u00e0rqueting similars.<\/p>\n\n<p>5.4 Xarxes socials<\/p>\n\n<p>A la nostra web hem incl\u00f2s contingut d&#8217;Instagram per promoure p\u00e0gines web (p. ex.: \u00abM&#8217;agrada\u00bb, \u00abPinear\u00bb) o compartir (p. ex.: \u00abtuitejar\u00bb) en xarxes socials com Instagram. Aquest contingut est\u00e0 incrustat amb codi derivat d&#8217;Instagram i guarda galetes. Aquest contingut podria processar certa informaci\u00f3 per a anuncis personalitzats.  <\/p>\n\n<p>Si us plau, llegiu la pol\u00edtica de privadesa d&#8217;aquestes xarxes socials (que pot canviar freq\u00fcentment) per saber qu\u00e8 fan amb les vostres dades (personals) que processen usant aquestes galetes. Les dades que reben s\u00f3n anonimitzades el m\u00e0xim possible. Instagram est\u00e0 ubicat als Estats Units.  <\/p>\n\n<h2 class=\"wp-block-heading\" id=\"6-cookies-usadas\">6. Galetes usades<\/h2>\n\n<h3 class=\"wp-block-heading\" id=\"wistia\">Wistia (Estad\u00edstiques)<\/h3>\n\n<p>\u00das: Compartir dades<\/p>\n\n<p>Aquestes dades no es comparteixen amb tercers.<\/p>\n\n<p><a href=\"https:\/\/cookiedatabase.org\/cookie\/unknown-service\/wistia-video-progress\/\" target=\"_blank\" rel=\"noreferrer noopener\">wistia-video-progress-*<\/a><\/p>\n\n<p>Caducitat: Persistent<\/p>\n\n<p>Funci\u00f3: Emmagatzemar si l&#8217;usuari ha vist contingut incrustat<\/p>\n\n<h3 class=\"wp-block-heading\" id=\"elementor\">Elementor (Estad\u00edstiques (an\u00f2nimes))<\/h3>\n\n<p>\u00das: Compartir dades<\/p>\n\n<p>Aquestes dades no es comparteixen amb tercers.<\/p>\n\n<p><a href=\"https:\/\/cookiedatabase.org\/cookie\/unknown-service\/elementor\/\" target=\"_blank\" rel=\"noreferrer noopener\">elementor<\/a><\/p>\n\n<p>Caducitat: Persistent<\/p>\n\n<p>Funci\u00f3: Guardar accions fetes per usuaris al lloc web<\/p>\n\n<h3 class=\"wp-block-heading\" id=\"google-recaptcha\">Google reCAPTCHA (Funcional)<\/h3>\n\n<p>\u00das: Compartir dades<\/p>\n\n<p>Aquestes dades no es comparteixen amb tercers.<\/p>\n\n<p><a href=\"https:\/\/cookiedatabase.org\/cookie\/unknown-service\/_grecaptcha\/\" target=\"_blank\" rel=\"noreferrer noopener\">_grecaptcha<\/a><\/p>\n\n<p>Caducitat: 6 mesos<\/p>\n\n<p>Funci\u00f3: Proporcionar protecci\u00f3 contra correu no desitjat<\/p>\n\n<h3 class=\"wp-block-heading\" id=\"wordpress\">WordPress (Funcional)<\/h3>\n\n<p>\u00das: Compartir dades<\/p>\n\n<p>Aquestes dades no es comparteixen amb tercers.<\/p>\n\n<p><a href=\"https:\/\/cookiedatabase.org\/cookie\/unknown-service\/wpemojisettingssupports\/\" target=\"_blank\" rel=\"noreferrer noopener\">wpEmojiSettingsSupports<\/a><\/p>\n\n<p>Caducitat: Sessi\u00f3<\/p>\n\n<p>Funci\u00f3: Guardar detalls del navegador<\/p>\n\n<p><a href=\"https:\/\/cookiedatabase.org\/cookie\/unknown-service\/wordpress_test_cookie\/\" target=\"_blank\" rel=\"noreferrer noopener\">wordpress_test_cookie<\/a><\/p>\n\n<p>Caducitat: Sessi\u00f3<\/p>\n\n<p>Funci\u00f3: Comprovar si es poden instal\u00b7lar galetes<\/p>\n\n<p><a href=\"https:\/\/cookiedatabase.org\/cookie\/unknown-service\/wordpress_test_cookie\/\" target=\"_blank\" rel=\"noreferrer noopener\"><\/a><a href=\"https:\/\/cookiedatabase.org\/cookie\/unknown-service\/wp-settings\/\" target=\"_blank\" rel=\"noreferrer noopener\">wp-settings-*<\/a><\/p>\n\n<p>Caducitat: Persistent<\/p>\n\n<p>Funci\u00f3: Guardar les prefer\u00e8ncies dels usuaris<\/p>\n\n<p><a href=\"https:\/\/cookiedatabase.org\/cookie\/unknown-service\/wp-settings-time\/\" target=\"_blank\" rel=\"noreferrer noopener\">wp-settings-time-*<\/a><\/p>\n\n<p>Caducitat: 1 any<\/p>\n\n<p>Funci\u00f3: Guardar les prefer\u00e8ncies dels usuaris<\/p>\n\n<h3 class=\"wp-block-heading\" id=\"google-adsense\">Google Adsense (M\u00e0rqueting)<\/h3>\n\n<p>\u00das: Compartir dades<\/p>\n\n<p>Aquestes dades no es comparteixen amb tercers.<\/p>\n\n<p><a href=\"https:\/\/cookiedatabase.org\/cookie\/unknown-service\/wpemojisettingssupports\/\" target=\"_blank\" rel=\"noreferrer noopener\"><\/a><a href=\"https:\/\/cookiedatabase.org\/cookie\/unknown-service\/_ga\/\" target=\"_blank\" rel=\"noreferrer noopener\"><\/a><a href=\"https:\/\/cookiedatabase.org\/cookie\/unknown-service\/_gcl_au\/\" target=\"_blank\" rel=\"noreferrer noopener\">_gcl_au<\/a><\/p>\n\n<p>Caducitat: Persistent<\/p>\n\n<p>Funci\u00f3: Emmagatzemar i realitzar un seguiment de les conversions<\/p>\n\n<h3 class=\"wp-block-heading\" id=\"google-analytics\">Google Analytics (Estad\u00edstiques)<\/h3>\n\n<p>\u00das: Compartir dades<\/p>\n\n<p>Aquestes dades no es comparteixen amb tercers.<\/p>\n\n<p><a href=\"https:\/\/cookiedatabase.org\/cookie\/unknown-service\/wpemojisettingssupports\/\" target=\"_blank\" rel=\"noreferrer noopener\"><\/a><a href=\"https:\/\/cookiedatabase.org\/cookie\/unknown-service\/_ga\/\" target=\"_blank\" rel=\"noreferrer noopener\">_ga<\/a><\/p>\n\n<p>Caducitat: 2 anys<\/p>\n\n<p>Funci\u00f3: Comptar i rastrejar p\u00e0gines vistes<\/p>\n\n<p><a href=\"https:\/\/cookiedatabase.org\/cookie\/unknown-service\/wordpress_test_cookie\/\" target=\"_blank\" rel=\"noreferrer noopener\"><\/a><a href=\"https:\/\/cookiedatabase.org\/cookie\/unknown-service\/_ga_\/\" target=\"_blank\" rel=\"noreferrer noopener\">_ga_*<\/a><\/p>\n\n<p>Caducitat: 1 any<\/p>\n\n<p>Funci\u00f3: Comptar i rastrejar p\u00e0gines vistes<\/p>\n\n<h3 class=\"wp-block-heading\" id=\"wpml\">WPML (Funcional)<\/h3>\n\n<p>\u00das: Compartir dades<\/p>\n\n<p>Aquestes dades no es comparteixen amb tercers.<\/p>\n\n<p><a href=\"https:\/\/cookiedatabase.org\/cookie\/unknown-service\/wp-wpml_current_language\/\" target=\"_blank\" rel=\"noreferrer noopener\">wp-wpml_current_language<\/a><\/p>\n\n<p>Caducitat: 1 dia<\/p>\n\n<p>Funci\u00f3: Guardar configuracions de llenguatge<\/p>\n\n<h3 class=\"wp-block-heading\" id=\"ithemes-security\">iThemes Security (Prop\u00f2sit pendent d&#8217;investigaci\u00f3)<\/h3>\n\n<p>\u00das: Compartir dades<\/p>\n\n<p>Aquestes dades no es comparteixen amb tercers.<\/p>\n\n<p><a href=\"https:\/\/cookiedatabase.org\/cookie\/unknown-service\/wp-wpml_current_language\/\" target=\"_blank\" rel=\"noreferrer noopener\"><\/a><a href=\"https:\/\/cookiedatabase.org\/cookie\/unknown-service\/itsec-recaptcha-opt-in\/\" target=\"_blank\" rel=\"noreferrer noopener\">itsec-recaptcha-opt-in-*<\/a><\/p>\n\n<h3 class=\"wp-block-heading\" id=\"varios\">Diversos (Prop\u00f2sit pendent d&#8217;investigaci\u00f3)<\/h3>\n\n<p>continueReview<\/p>\n\n<p>e_kit-elements-defaults<\/p>\n\n<p>wistia<\/p>\n\n<p><a href=\"https:\/\/cookiedatabase.org\/cookie\/unknown-service\/cookielawinfo-checkbox\/\" target=\"_blank\" rel=\"noreferrer noopener\">cookielawinfo-checkbox-*<\/a><\/p>\n\n<p>localTimeZone<\/p>\n\n<p><a href=\"https:\/\/cookiedatabase.org\/cookie\/unknown-service\/isreturningvisitor-2\/\" target=\"_blank\" rel=\"noreferrer noopener\">isReturningVisitor*<\/a><\/p>\n\n<p>PHPSESSID<\/p>\n\n<p>cmplz_functional<br\/>Caducitat: 365 dies<\/p>\n\n<p>cmplz_statistics<br\/>Caducitat: 365 dies<\/p>\n\n<p>cmplz_preferences<br\/>Caducitat: 365 dies<\/p>\n\n<p>cmplz_marketing<br\/>Caducitat: 365 dies<\/p>\n\n<p>WP_PREFERENCES_USER_5<\/p>\n\n<p>ate_widget_fetch_time<\/p>\n\n<p>SS_deltaBuffer<\/p>\n\n<p>loglevel<\/p>\n\n<p>li_adsId<\/p>\n\n<p>acf<\/p>\n\n<p>e_site-editor<\/p>\n\n<p>WP_PREFERENCES_USER_1<\/p>\n\n<p>WP_DATA_USER_5<\/p>\n\n<p>e_document\/global<\/p>\n\n<p>ate_widget_url<\/p>\n\n<p>WP_DATA_USER_1<\/p>\n\n<p>wp_lang<\/p>\n\n<p>cmplz_consented_services<br\/>Caducitat: 365 dies<\/p>\n\n<p>cmplz_policy_id<br\/>Caducitat: 365 dies<\/p>\n\n<p>cmplz_banner-status<br\/>Caducitat: 365 dies<\/p>\n\n<p>itsec_interstitial_browser<\/p>\n\n<p>itsec-hb-login-81dfc011bc095841f714ff6ffd5b040f<\/p>\n\n<p>wp-autosave-1<\/p>\n\n<p>WP_DATA_USER_7<\/p>\n\n<p>rank-math-option-search-index<\/p>\n\n<p>WP_PREFERENCES_USER_7<\/p>\n\n<p>rank-math-option-general-index<\/p>\n\n<p>rank-math-option-sitemap-index<\/p>\n\n<p>rank-math-option-titles-index<\/p>\n\n<p>_gcl_ls<\/p>\n\n<p>_gcl_aw<\/p>\n\n<p>jetDasboardData<\/p>\n\n<p>interface-builder<\/p>\n\n<p>ate-maiya-info_63393439-3262-5361-b733-303934646433<\/p>\n\n<p>lang_select<\/p>\n\n<p>adobeCleanFontAdded<\/p>\n\n<p>ams_tq_last_ids<\/p>\n\n<p>ate-maiya-info<\/p>\n\n<p>wpml-available-translators-notice-dismissed<\/p>\n\n<p>wpml-wpml-notices<\/p>\n\n<p>mp_150605b3b9f979922f2ac5a52e2dcfe9_mixpanel<\/p>\n\n<p>mp_tab_id_mixpanel_150605b3b9f979922f2ac5a52e2dcfe9<\/p>\n\n<p>mp_gen_new_tab_id_mixpanel_150605b3b9f979922f2ac5a52e2dcfe9<\/p>\n\n<p>wpml-item-section-expanded<\/p>\n\n<p>e_my_templates_source<\/p>\n\n<p>wfwaf-authcookie-f1fd599d7e5fc0f30cbca8b8fb95a92e<\/p>\n\n<p>elementor_wpdash_session<br\/><\/p>\n\n<h2 class=\"wp-block-heading\" id=\"7-consentimiento\">7. Consentiment<\/h2>\n\n<p>Quan visiteu la nostra web per primera vegada, us mostrarem una finestra emergent amb una explicaci\u00f3 sobre les galetes. Tan bon punt feu clic a \u00abGuardar les prefer\u00e8ncies\u00bb, accepteu que usem les categories de galetes i connectors que heu seleccionat a la finestra emergent, tal com es descriu en aquesta pol\u00edtica de galetes. Podeu desactivar l&#8217;\u00fas de galetes a trav\u00e9s del vostre navegador, per\u00f2, si us plau, tingueu en compte que la nostra web pot deixar de funcionar correctament.  <\/p>\n\n<h2 class=\"wp-block-heading\" id=\"8-activacion-desactivacion-y-borrado-de-cookies\">8. Activaci\u00f3\/desactivaci\u00f3 i esborrat de galetes<\/h2>\n\n<p>Podeu utilitzar el vostre navegador d&#8217;Internet per eliminar les galetes de forma autom\u00e0tica o manual. Tamb\u00e9 podeu especificar que certes galetes no poden ser col\u00b7locades. Una altra opci\u00f3 \u00e9s canviar els ajustos del vostre navegador d&#8217;Internet perqu\u00e8 rebeu un missatge cada vegada que es col\u00b7loca una galeta. Per obtenir m\u00e9s informaci\u00f3 sobre aquestes opcions, consulteu les instruccions de la secci\u00f3 \u00abAjuda\u00bb del vostre navegador.   <\/p>\n\n<p>Tingueu en compte que la nostra web pot no funcionar correctament si totes les galetes estan desactivades. Si esborreu les galetes del vostre navegador, es tornaran a col\u00b7locar despr\u00e9s del vostre consentiment quan torneu a visitar les nostres webs. <\/p>\n\n<h2 class=\"wp-block-heading\" id=\"9-tus-derechos-con-respecto-a-los-datos-personales\">9. Els vostres drets respecte a les dades personals<\/h2>\n\n<p>Teniu els seg\u00fcents drets respecte a les vostres dades personals:<\/p>\n\n<ul class=\"wp-block-list\">\n<li>Teniu dret a saber per qu\u00e8 es necessiten les vostres dades personals, qu\u00e8 succeir\u00e0 amb elles i durant quant de temps es conservaran.<\/li>\n\n\n\n<li>Dret d&#8217;acc\u00e9s: teniu dret a accedir a les vostres dades personals que coneixem.<\/li>\n\n\n\n<li>Dret de rectificaci\u00f3: teniu dret a completar, rectificar, esborrar o bloquejar les vostres dades personals quan ho desitgeu.<\/li>\n\n\n\n<li>Si ens doneu el vostre consentiment per processar les vostres dades, teniu dret a revocar aquest consentiment i a que s&#8217;eliminin les vostres dades personals.<\/li>\n\n\n\n<li>Dret de cessi\u00f3 de les vostres dades: teniu dret a sol\u00b7licitar totes les vostres dades personals al responsable del tractament i a transferir-les \u00edntegrament a un altre responsable del tractament.<\/li>\n\n\n\n<li>Dret d&#8217;oposici\u00f3: podeu oposar-vos al tractament de les vostres dades. Nosaltres complim amb aix\u00f2, a menys que hi hagi motius justificats per al processament. <\/li>\n<\/ul>\n\n<p>Per exercir aquests drets, si us plau, contacteu amb nosaltres. Si us plau, consulteu els detalls de contacte a la part inferior d&#8217;aquesta pol\u00edtica de galetes. Si teniu alguna queixa sobre com gestionem les vostres dades, ens agradaria que ens la f\u00e9ssiu saber, per\u00f2 tamb\u00e9 teniu dret a enviar una queixa a l&#8217;autoritat supervisora (l&#8217;autoritat de protecci\u00f3 de dades).  <\/p>\n\n<h2 class=\"wp-block-heading\" id=\"10-datos-de-contacto\">10. Dades de contacte<\/h2>\n\n<p>Per a preguntes i\/o comentaris sobre la nostra pol\u00edtica de galetes i aquesta declaraci\u00f3, si us plau, contacteu amb nosaltres usant les seg\u00fcents dades de contacte:<\/p>\n\n<p>SACLAU GROW SOCIEDAD LIMITADA<br\/>PARATGE MASOS SANT MIQUEL DE CAMPMAJOR, 53, 17831 (Girona)<br\/>Catalunya<br\/>Espanya<br\/>Web: <a href=\"https:\/\/solucionesagua.es\/ca\/\">https:\/\/solucionesagua.es\/<\/a><br\/>Correu electr\u00f2nic: saclaugrowsl@gmail.com<br\/>N\u00famero de tel\u00e8fon: +34 621 256 810<\/p>\n\n<div style=\"height:100px\" aria-hidden=\"true\" class=\"wp-block-spacer\"><\/div>\n","protected":false},"excerpt":{"rendered":"<p>Aquesta pol\u00edtica de galetes va ser actualitzada per \u00faltima vegada l&#8217;11\/04\/2024 i s&#8217;aplica als ciutadans i residents legals permanents de l&#8217;Espai Econ\u00f2mic Europeu i Su\u00efssa. 1. Introducci\u00f3 La nostra web, https:\/\/solucionesagua.es\/ (d&#8217;ara endavant: \u00abla web\u00bb) utilitza galetes i altres tecnologies relacionades (per a m\u00e9s comoditat, totes les tecnologies s&#8217;anomenen \u00abgaletes\u00bb). Les galetes tamb\u00e9 s\u00f3n col\u00b7locades [&hellip;]<\/p>\n","protected":false},"author":1,"featured_media":0,"parent":0,"menu_order":0,"comment_status":"closed","ping_status":"closed","template":"","meta":{"footnotes":""},"class_list":["post-592","page","type-page","status-publish","hentry"],"yoast_head":"<!-- This site is optimized with the Yoast SEO plugin v27.5 - https:\/\/yoast.com\/product\/yoast-seo-wordpress\/ -->\n<title>Pol\u00edtica de galetes - Soluciones para el agua<\/title>\n<meta name=\"robots\" content=\"index, follow, max-snippet:-1, max-image-preview:large, max-video-preview:-1\" \/>\n<link rel=\"canonical\" href=\"https:\/\/solucionesagua.es\/ca\/politica-de-galetes\/\" \/>\n<meta property=\"og:locale\" content=\"ca_ES\" \/>\n<meta property=\"og:type\" content=\"article\" \/>\n<meta property=\"og:title\" content=\"Pol\u00edtica de galetes - Soluciones para el agua\" \/>\n<meta property=\"og:description\" content=\"Aquesta pol\u00edtica de galetes va ser actualitzada per \u00faltima vegada l&#8217;11\/04\/2024 i s&#8217;aplica als ciutadans i residents legals permanents de l&#8217;Espai Econ\u00f2mic Europeu i Su\u00efssa. 1. Introducci\u00f3 La nostra web, https:\/\/solucionesagua.es\/ (d&#8217;ara endavant: \u00abla web\u00bb) utilitza galetes i altres tecnologies relacionades (per a m\u00e9s comoditat, totes les tecnologies s&#8217;anomenen \u00abgaletes\u00bb). Les galetes tamb\u00e9 s\u00f3n col\u00b7locades [&hellip;]\" \/>\n<meta property=\"og:url\" content=\"https:\/\/solucionesagua.es\/ca\/politica-de-galetes\/\" \/>\n<meta property=\"og:site_name\" content=\"Soluciones para el agua\" \/>\n<meta property=\"article:modified_time\" content=\"2026-03-30T09:26:05+00:00\" \/>\n<meta name=\"twitter:card\" content=\"summary_large_image\" \/>\n<meta name=\"twitter:label1\" content=\"Temps estimat de lectura\" \/>\n\t<meta name=\"twitter:data1\" content=\"7 minuts\" \/>\n<script type=\"application\/ld+json\" class=\"yoast-schema-graph\">{\"@context\":\"https:\\\/\\\/schema.org\",\"@graph\":[{\"@type\":\"WebPage\",\"@id\":\"https:\\\/\\\/solucionesagua.es\\\/ca\\\/politica-de-galetes\\\/\",\"url\":\"https:\\\/\\\/solucionesagua.es\\\/ca\\\/politica-de-galetes\\\/\",\"name\":\"Pol\u00edtica de galetes - Soluciones para el agua\",\"isPartOf\":{\"@id\":\"https:\\\/\\\/solucionesagua.es\\\/ca\\\/#website\"},\"datePublished\":\"2026-02-12T08:03:06+00:00\",\"dateModified\":\"2026-03-30T09:26:05+00:00\",\"breadcrumb\":{\"@id\":\"https:\\\/\\\/solucionesagua.es\\\/ca\\\/politica-de-galetes\\\/#breadcrumb\"},\"inLanguage\":\"ca\",\"potentialAction\":[{\"@type\":\"ReadAction\",\"target\":[\"https:\\\/\\\/solucionesagua.es\\\/ca\\\/politica-de-galetes\\\/\"]}]},{\"@type\":\"BreadcrumbList\",\"@id\":\"https:\\\/\\\/solucionesagua.es\\\/ca\\\/politica-de-galetes\\\/#breadcrumb\",\"itemListElement\":[{\"@type\":\"ListItem\",\"position\":1,\"name\":\"Portada\",\"item\":\"https:\\\/\\\/solucionesagua.es\\\/ca\\\/inici\\\/\"},{\"@type\":\"ListItem\",\"position\":2,\"name\":\"Pol\u00edtica de galetes\"}]},{\"@type\":\"WebSite\",\"@id\":\"https:\\\/\\\/solucionesagua.es\\\/ca\\\/#website\",\"url\":\"https:\\\/\\\/solucionesagua.es\\\/ca\\\/\",\"name\":\"Soluciones para el agua\",\"description\":\"Gesti\u00f3n sostenible de los recursos h\u00eddricos, la reutilizaci\u00f3n y reciclaje del agua\",\"publisher\":{\"@id\":\"https:\\\/\\\/solucionesagua.es\\\/ca\\\/#organization\"},\"potentialAction\":[{\"@type\":\"SearchAction\",\"target\":{\"@type\":\"EntryPoint\",\"urlTemplate\":\"https:\\\/\\\/solucionesagua.es\\\/ca\\\/?s={search_term_string}\"},\"query-input\":{\"@type\":\"PropertyValueSpecification\",\"valueRequired\":true,\"valueName\":\"search_term_string\"}}],\"inLanguage\":\"ca\"},{\"@type\":\"Organization\",\"@id\":\"https:\\\/\\\/solucionesagua.es\\\/ca\\\/#organization\",\"name\":\"Soluciones para el agua\",\"url\":\"https:\\\/\\\/solucionesagua.es\\\/ca\\\/\",\"logo\":{\"@type\":\"ImageObject\",\"inLanguage\":\"ca\",\"@id\":\"https:\\\/\\\/solucionesagua.es\\\/ca\\\/#\\\/schema\\\/logo\\\/image\\\/\",\"url\":\"https:\\\/\\\/solucionesagua.es\\\/wp-content\\\/uploads\\\/2026\\\/02\\\/logoSolucionesAgua.png\",\"contentUrl\":\"https:\\\/\\\/solucionesagua.es\\\/wp-content\\\/uploads\\\/2026\\\/02\\\/logoSolucionesAgua.png\",\"width\":2351,\"height\":960,\"caption\":\"Soluciones para el agua\"},\"image\":{\"@id\":\"https:\\\/\\\/solucionesagua.es\\\/ca\\\/#\\\/schema\\\/logo\\\/image\\\/\"}}]}<\/script>\n<!-- \/ Yoast SEO plugin. -->","yoast_head_json":{"title":"Pol\u00edtica de galetes - Soluciones para el agua","robots":{"index":"index","follow":"follow","max-snippet":"max-snippet:-1","max-image-preview":"max-image-preview:large","max-video-preview":"max-video-preview:-1"},"canonical":"https:\/\/solucionesagua.es\/ca\/politica-de-galetes\/","og_locale":"ca_ES","og_type":"article","og_title":"Pol\u00edtica de galetes - Soluciones para el agua","og_description":"Aquesta pol\u00edtica de galetes va ser actualitzada per \u00faltima vegada l&#8217;11\/04\/2024 i s&#8217;aplica als ciutadans i residents legals permanents de l&#8217;Espai Econ\u00f2mic Europeu i Su\u00efssa. 1. Introducci\u00f3 La nostra web, https:\/\/solucionesagua.es\/ (d&#8217;ara endavant: \u00abla web\u00bb) utilitza galetes i altres tecnologies relacionades (per a m\u00e9s comoditat, totes les tecnologies s&#8217;anomenen \u00abgaletes\u00bb). Les galetes tamb\u00e9 s\u00f3n col\u00b7locades [&hellip;]","og_url":"https:\/\/solucionesagua.es\/ca\/politica-de-galetes\/","og_site_name":"Soluciones para el agua","article_modified_time":"2026-03-30T09:26:05+00:00","twitter_card":"summary_large_image","twitter_misc":{"Temps estimat de lectura":"7 minuts"},"schema":{"@context":"https:\/\/schema.org","@graph":[{"@type":"WebPage","@id":"https:\/\/solucionesagua.es\/ca\/politica-de-galetes\/","url":"https:\/\/solucionesagua.es\/ca\/politica-de-galetes\/","name":"Pol\u00edtica de galetes - Soluciones para el agua","isPartOf":{"@id":"https:\/\/solucionesagua.es\/ca\/#website"},"datePublished":"2026-02-12T08:03:06+00:00","dateModified":"2026-03-30T09:26:05+00:00","breadcrumb":{"@id":"https:\/\/solucionesagua.es\/ca\/politica-de-galetes\/#breadcrumb"},"inLanguage":"ca","potentialAction":[{"@type":"ReadAction","target":["https:\/\/solucionesagua.es\/ca\/politica-de-galetes\/"]}]},{"@type":"BreadcrumbList","@id":"https:\/\/solucionesagua.es\/ca\/politica-de-galetes\/#breadcrumb","itemListElement":[{"@type":"ListItem","position":1,"name":"Portada","item":"https:\/\/solucionesagua.es\/ca\/inici\/"},{"@type":"ListItem","position":2,"name":"Pol\u00edtica de galetes"}]},{"@type":"WebSite","@id":"https:\/\/solucionesagua.es\/ca\/#website","url":"https:\/\/solucionesagua.es\/ca\/","name":"Soluciones para el agua","description":"Gesti\u00f3n sostenible de los recursos h\u00eddricos, la reutilizaci\u00f3n y reciclaje del agua","publisher":{"@id":"https:\/\/solucionesagua.es\/ca\/#organization"},"potentialAction":[{"@type":"SearchAction","target":{"@type":"EntryPoint","urlTemplate":"https:\/\/solucionesagua.es\/ca\/?s={search_term_string}"},"query-input":{"@type":"PropertyValueSpecification","valueRequired":true,"valueName":"search_term_string"}}],"inLanguage":"ca"},{"@type":"Organization","@id":"https:\/\/solucionesagua.es\/ca\/#organization","name":"Soluciones para el agua","url":"https:\/\/solucionesagua.es\/ca\/","logo":{"@type":"ImageObject","inLanguage":"ca","@id":"https:\/\/solucionesagua.es\/ca\/#\/schema\/logo\/image\/","url":"https:\/\/solucionesagua.es\/wp-content\/uploads\/2026\/02\/logoSolucionesAgua.png","contentUrl":"https:\/\/solucionesagua.es\/wp-content\/uploads\/2026\/02\/logoSolucionesAgua.png","width":2351,"height":960,"caption":"Soluciones para el agua"},"image":{"@id":"https:\/\/solucionesagua.es\/ca\/#\/schema\/logo\/image\/"}}]}},"_links":{"self":[{"href":"https:\/\/solucionesagua.es\/ca\/wp-json\/wp\/v2\/pages\/592","targetHints":{"allow":["GET"]}}],"collection":[{"href":"https:\/\/solucionesagua.es\/ca\/wp-json\/wp\/v2\/pages"}],"about":[{"href":"https:\/\/solucionesagua.es\/ca\/wp-json\/wp\/v2\/types\/page"}],"author":[{"embeddable":true,"href":"https:\/\/solucionesagua.es\/ca\/wp-json\/wp\/v2\/users\/1"}],"replies":[{"embeddable":true,"href":"https:\/\/solucionesagua.es\/ca\/wp-json\/wp\/v2\/comments?post=592"}],"version-history":[{"count":1,"href":"https:\/\/solucionesagua.es\/ca\/wp-json\/wp\/v2\/pages\/592\/revisions"}],"predecessor-version":[{"id":593,"href":"https:\/\/solucionesagua.es\/ca\/wp-json\/wp\/v2\/pages\/592\/revisions\/593"}],"wp:attachment":[{"href":"https:\/\/solucionesagua.es\/ca\/wp-json\/wp\/v2\/media?parent=592"}],"curies":[{"name":"wp","href":"https:\/\/api.w.org\/{rel}","templated":true}]}}