{"id":588,"date":"2025-06-16T18:34:19","date_gmt":"2025-06-16T16:34:19","guid":{"rendered":"https:\/\/solucionesagua.es\/politica-de-privacitat\/"},"modified":"2026-03-30T11:25:48","modified_gmt":"2026-03-30T09:25:48","slug":"politica-de-privacitat","status":"publish","type":"page","link":"https:\/\/solucionesagua.es\/ca\/politica-de-privacitat\/","title":{"rendered":"Pol\u00edtica de privacitat"},"content":{"rendered":"\n<h2 class=\"wp-block-heading\"><strong>Responsable:<\/strong><\/h2>\n\n<p>SACLAU GROW SOCIEDAD LIMITADA, amb domicili a PARATGE MASOS SANT MIQUEL DE CAMPMAJOR, 53 17831 (Girona), \u00e9s responsable del tractament d\u2019aquelles dades que es recullin o es generin com a conseq\u00fc\u00e8ncia de l\u2019acc\u00e9s, l\u2019\u00fas i la navegaci\u00f3 dels Usuaris pel Web.<\/p>\n\n<h2 class=\"wp-block-heading\"><strong>Tractament de dades i finalitats:<\/strong><\/h2>\n\n<p>Les dades que l\u2019usuari inclogui en aquest lloc web s\u2019utilitzaran per millorar la seguretat i la gesti\u00f3 del web; per fer an\u00e0lisis de rellev\u00e0ncia i d\u2019\u00fas del lloc web; per poder gestionar el pagament de quotes; per poder complir amb les finalitats pr\u00f2pies del lloc web; i, quan aix\u00ed ho permeti la normativa aplicable, per informar els Usuaris sobre l\u2019actualitat del lloc web o de la mateixa SACLAU GROW SOCIEDAD LIMITADA.<\/p>\n\n<p>Les dades no es comunicaran a tercers, excepte quan aix\u00ed ho requereixi una autoritat competent. Tanmateix, el lloc web podr\u00e0 utilitzar cookies de terceres companyies d\u2019acord amb la Pol\u00edtica de cookies i el consentiment de l\u2019usuari. <\/p>\n\n<h2 class=\"wp-block-heading\"><strong>Protecci\u00f3 de dades personals i imatge:<\/strong><\/h2>\n\n<p>L\u2019usuari accepta que les dades facilitades durant la seva navegaci\u00f3 dins del lloc web, aix\u00ed com la informaci\u00f3 complement\u00e0ria que hagi pogut facilitar en el seu context, passaran a formar part dels fitxers titularitat de SACLAU GROW SOCIEDAD LIMITADA.<\/p>\n\n<p>Per exercir els seus drets d\u2019acc\u00e9s, cancel\u00b7laci\u00f3, rectificaci\u00f3 i oposici\u00f3, l\u2019usuari es pot adre\u00e7ar per escrit a l\u2019adre\u00e7a de SACLAU GROW SOCIEDAD LIMITADA, o a l\u2019adre\u00e7a de correu electr\u00f2nic saclaugrowsl@gmail.com<\/p>\n\n<h2 class=\"wp-block-heading\"><strong>Base jur\u00eddica i conservaci\u00f3:<\/strong><\/h2>\n\n<p>La base legal que permet a SACLAU GROW SOCIEDAD LIMITADA tractar les dades dels Usuaris \u00e9s:<\/p>\n\n<p>L\u2019acc\u00e9s i la navegaci\u00f3 volunt\u00e0ria dels usuaris<br\/>La sol\u00b7licitud per part dels usuaris d\u2019informaci\u00f3 o serveis relacionats amb SACLAU GROW SOCIEDAD LIMITADA.<br\/>L\u2019inter\u00e8s leg\u00edtim a millorar el web, la seguretat i el seu funcionament,<br\/>L\u2019enviament d\u2019informaci\u00f3 d\u2019actualitat de SACLAU GROW SOCIEDAD LIMITADA, sempre que l\u2019Usuari hagi prestat el seu consentiment o sigui d\u2019inter\u00e8s leg\u00edtim per a SACLAU GROW SOCIEDAD LIMITADA.<\/p>\n\n<p>Les dades recollides es conservaran fins a l\u2019extinci\u00f3 de les responsabilitats legals o contractuals que obliguin a mantenir aquestes dades.<\/p>\n\n<h2 class=\"wp-block-heading\"><strong>Drets dels Usuaris:<\/strong><\/h2>\n\n<p>L\u2019Usuari pot exercir els drets d\u2019acc\u00e9s, rectificaci\u00f3, supressi\u00f3, oposici\u00f3 i limitaci\u00f3 del tractament, quan corresponguin, respecte del tractament del qual \u00e9s responsable SACLAU GROW SOCIEDAD LIMITADA.<\/p>\n\n<h2 class=\"wp-block-heading\"><strong>Titular de www.solucionesagua.es<\/strong><\/h2>\n\n<p>Titular: SACLAU GROW SOCIEDAD LIMITADA<br\/>Domicili: PARATGE MASOS SANT MIQUEL DE CAMPMAJOR, 53 17831 (Girona)<br\/>CIF: B55416119<br\/>Email: saclaugrowsl@gmail.com<\/p>\n\n<div style=\"height:100px\" aria-hidden=\"true\" class=\"wp-block-spacer\"><\/div>\n","protected":false},"excerpt":{"rendered":"<p>Responsable: SACLAU GROW SOCIEDAD LIMITADA, amb domicili a PARATGE MASOS SANT MIQUEL DE CAMPMAJOR, 53 17831 (Girona), \u00e9s responsable del tractament d\u2019aquelles dades que es recullin o es generin com a conseq\u00fc\u00e8ncia de l\u2019acc\u00e9s, l\u2019\u00fas i la navegaci\u00f3 dels Usuaris pel Web. Tractament de dades i finalitats: Les dades que l\u2019usuari inclogui en aquest lloc [&hellip;]<\/p>\n","protected":false},"author":1,"featured_media":0,"parent":0,"menu_order":0,"comment_status":"closed","ping_status":"closed","template":"","meta":{"footnotes":""},"class_list":["post-588","page","type-page","status-publish","hentry"],"yoast_head":"<!-- This site is optimized with the Yoast SEO plugin v27.5 - https:\/\/yoast.com\/product\/yoast-seo-wordpress\/ -->\n<title>Pol\u00edtica de privacitat - Soluciones para el agua<\/title>\n<meta name=\"robots\" content=\"index, follow, max-snippet:-1, max-image-preview:large, max-video-preview:-1\" \/>\n<link rel=\"canonical\" href=\"https:\/\/solucionesagua.es\/ca\/politica-de-privacitat\/\" \/>\n<meta property=\"og:locale\" content=\"ca_ES\" \/>\n<meta property=\"og:type\" content=\"article\" \/>\n<meta property=\"og:title\" content=\"Pol\u00edtica de privacitat - Soluciones para el agua\" \/>\n<meta property=\"og:description\" content=\"Responsable: SACLAU GROW SOCIEDAD LIMITADA, amb domicili a PARATGE MASOS SANT MIQUEL DE CAMPMAJOR, 53 17831 (Girona), \u00e9s responsable del tractament d\u2019aquelles dades que es recullin o es generin com a conseq\u00fc\u00e8ncia de l\u2019acc\u00e9s, l\u2019\u00fas i la navegaci\u00f3 dels Usuaris pel Web. Tractament de dades i finalitats: Les dades que l\u2019usuari inclogui en aquest lloc [&hellip;]\" \/>\n<meta property=\"og:url\" content=\"https:\/\/solucionesagua.es\/ca\/politica-de-privacitat\/\" \/>\n<meta property=\"og:site_name\" content=\"Soluciones para el agua\" \/>\n<meta property=\"article:modified_time\" content=\"2026-03-30T09:25:48+00:00\" \/>\n<meta name=\"twitter:card\" content=\"summary_large_image\" \/>\n<meta name=\"twitter:label1\" content=\"Temps estimat de lectura\" \/>\n\t<meta name=\"twitter:data1\" content=\"2 minuts\" \/>\n<script type=\"application\/ld+json\" class=\"yoast-schema-graph\">{\"@context\":\"https:\\\/\\\/schema.org\",\"@graph\":[{\"@type\":\"WebPage\",\"@id\":\"https:\\\/\\\/solucionesagua.es\\\/ca\\\/politica-de-privacitat\\\/\",\"url\":\"https:\\\/\\\/solucionesagua.es\\\/ca\\\/politica-de-privacitat\\\/\",\"name\":\"Pol\u00edtica de privacitat - Soluciones para el agua\",\"isPartOf\":{\"@id\":\"https:\\\/\\\/solucionesagua.es\\\/ca\\\/#website\"},\"datePublished\":\"2025-06-16T16:34:19+00:00\",\"dateModified\":\"2026-03-30T09:25:48+00:00\",\"breadcrumb\":{\"@id\":\"https:\\\/\\\/solucionesagua.es\\\/ca\\\/politica-de-privacitat\\\/#breadcrumb\"},\"inLanguage\":\"ca\",\"potentialAction\":[{\"@type\":\"ReadAction\",\"target\":[\"https:\\\/\\\/solucionesagua.es\\\/ca\\\/politica-de-privacitat\\\/\"]}]},{\"@type\":\"BreadcrumbList\",\"@id\":\"https:\\\/\\\/solucionesagua.es\\\/ca\\\/politica-de-privacitat\\\/#breadcrumb\",\"itemListElement\":[{\"@type\":\"ListItem\",\"position\":1,\"name\":\"Portada\",\"item\":\"https:\\\/\\\/solucionesagua.es\\\/ca\\\/inici\\\/\"},{\"@type\":\"ListItem\",\"position\":2,\"name\":\"Pol\u00edtica de privacitat\"}]},{\"@type\":\"WebSite\",\"@id\":\"https:\\\/\\\/solucionesagua.es\\\/ca\\\/#website\",\"url\":\"https:\\\/\\\/solucionesagua.es\\\/ca\\\/\",\"name\":\"Soluciones para el agua\",\"description\":\"Gesti\u00f3n sostenible de los recursos h\u00eddricos, la reutilizaci\u00f3n y reciclaje del agua\",\"publisher\":{\"@id\":\"https:\\\/\\\/solucionesagua.es\\\/ca\\\/#organization\"},\"potentialAction\":[{\"@type\":\"SearchAction\",\"target\":{\"@type\":\"EntryPoint\",\"urlTemplate\":\"https:\\\/\\\/solucionesagua.es\\\/ca\\\/?s={search_term_string}\"},\"query-input\":{\"@type\":\"PropertyValueSpecification\",\"valueRequired\":true,\"valueName\":\"search_term_string\"}}],\"inLanguage\":\"ca\"},{\"@type\":\"Organization\",\"@id\":\"https:\\\/\\\/solucionesagua.es\\\/ca\\\/#organization\",\"name\":\"Soluciones para el agua\",\"url\":\"https:\\\/\\\/solucionesagua.es\\\/ca\\\/\",\"logo\":{\"@type\":\"ImageObject\",\"inLanguage\":\"ca\",\"@id\":\"https:\\\/\\\/solucionesagua.es\\\/ca\\\/#\\\/schema\\\/logo\\\/image\\\/\",\"url\":\"https:\\\/\\\/solucionesagua.es\\\/wp-content\\\/uploads\\\/2026\\\/02\\\/logoSolucionesAgua.png\",\"contentUrl\":\"https:\\\/\\\/solucionesagua.es\\\/wp-content\\\/uploads\\\/2026\\\/02\\\/logoSolucionesAgua.png\",\"width\":2351,\"height\":960,\"caption\":\"Soluciones para el agua\"},\"image\":{\"@id\":\"https:\\\/\\\/solucionesagua.es\\\/ca\\\/#\\\/schema\\\/logo\\\/image\\\/\"}}]}<\/script>\n<!-- \/ Yoast SEO plugin. -->","yoast_head_json":{"title":"Pol\u00edtica de privacitat - Soluciones para el agua","robots":{"index":"index","follow":"follow","max-snippet":"max-snippet:-1","max-image-preview":"max-image-preview:large","max-video-preview":"max-video-preview:-1"},"canonical":"https:\/\/solucionesagua.es\/ca\/politica-de-privacitat\/","og_locale":"ca_ES","og_type":"article","og_title":"Pol\u00edtica de privacitat - Soluciones para el agua","og_description":"Responsable: SACLAU GROW SOCIEDAD LIMITADA, amb domicili a PARATGE MASOS SANT MIQUEL DE CAMPMAJOR, 53 17831 (Girona), \u00e9s responsable del tractament d\u2019aquelles dades que es recullin o es generin com a conseq\u00fc\u00e8ncia de l\u2019acc\u00e9s, l\u2019\u00fas i la navegaci\u00f3 dels Usuaris pel Web. Tractament de dades i finalitats: Les dades que l\u2019usuari inclogui en aquest lloc [&hellip;]","og_url":"https:\/\/solucionesagua.es\/ca\/politica-de-privacitat\/","og_site_name":"Soluciones para el agua","article_modified_time":"2026-03-30T09:25:48+00:00","twitter_card":"summary_large_image","twitter_misc":{"Temps estimat de lectura":"2 minuts"},"schema":{"@context":"https:\/\/schema.org","@graph":[{"@type":"WebPage","@id":"https:\/\/solucionesagua.es\/ca\/politica-de-privacitat\/","url":"https:\/\/solucionesagua.es\/ca\/politica-de-privacitat\/","name":"Pol\u00edtica de privacitat - Soluciones para el agua","isPartOf":{"@id":"https:\/\/solucionesagua.es\/ca\/#website"},"datePublished":"2025-06-16T16:34:19+00:00","dateModified":"2026-03-30T09:25:48+00:00","breadcrumb":{"@id":"https:\/\/solucionesagua.es\/ca\/politica-de-privacitat\/#breadcrumb"},"inLanguage":"ca","potentialAction":[{"@type":"ReadAction","target":["https:\/\/solucionesagua.es\/ca\/politica-de-privacitat\/"]}]},{"@type":"BreadcrumbList","@id":"https:\/\/solucionesagua.es\/ca\/politica-de-privacitat\/#breadcrumb","itemListElement":[{"@type":"ListItem","position":1,"name":"Portada","item":"https:\/\/solucionesagua.es\/ca\/inici\/"},{"@type":"ListItem","position":2,"name":"Pol\u00edtica de privacitat"}]},{"@type":"WebSite","@id":"https:\/\/solucionesagua.es\/ca\/#website","url":"https:\/\/solucionesagua.es\/ca\/","name":"Soluciones para el agua","description":"Gesti\u00f3n sostenible de los recursos h\u00eddricos, la reutilizaci\u00f3n y reciclaje del agua","publisher":{"@id":"https:\/\/solucionesagua.es\/ca\/#organization"},"potentialAction":[{"@type":"SearchAction","target":{"@type":"EntryPoint","urlTemplate":"https:\/\/solucionesagua.es\/ca\/?s={search_term_string}"},"query-input":{"@type":"PropertyValueSpecification","valueRequired":true,"valueName":"search_term_string"}}],"inLanguage":"ca"},{"@type":"Organization","@id":"https:\/\/solucionesagua.es\/ca\/#organization","name":"Soluciones para el agua","url":"https:\/\/solucionesagua.es\/ca\/","logo":{"@type":"ImageObject","inLanguage":"ca","@id":"https:\/\/solucionesagua.es\/ca\/#\/schema\/logo\/image\/","url":"https:\/\/solucionesagua.es\/wp-content\/uploads\/2026\/02\/logoSolucionesAgua.png","contentUrl":"https:\/\/solucionesagua.es\/wp-content\/uploads\/2026\/02\/logoSolucionesAgua.png","width":2351,"height":960,"caption":"Soluciones para el agua"},"image":{"@id":"https:\/\/solucionesagua.es\/ca\/#\/schema\/logo\/image\/"}}]}},"_links":{"self":[{"href":"https:\/\/solucionesagua.es\/ca\/wp-json\/wp\/v2\/pages\/588","targetHints":{"allow":["GET"]}}],"collection":[{"href":"https:\/\/solucionesagua.es\/ca\/wp-json\/wp\/v2\/pages"}],"about":[{"href":"https:\/\/solucionesagua.es\/ca\/wp-json\/wp\/v2\/types\/page"}],"author":[{"embeddable":true,"href":"https:\/\/solucionesagua.es\/ca\/wp-json\/wp\/v2\/users\/1"}],"replies":[{"embeddable":true,"href":"https:\/\/solucionesagua.es\/ca\/wp-json\/wp\/v2\/comments?post=588"}],"version-history":[{"count":1,"href":"https:\/\/solucionesagua.es\/ca\/wp-json\/wp\/v2\/pages\/588\/revisions"}],"predecessor-version":[{"id":589,"href":"https:\/\/solucionesagua.es\/ca\/wp-json\/wp\/v2\/pages\/588\/revisions\/589"}],"wp:attachment":[{"href":"https:\/\/solucionesagua.es\/ca\/wp-json\/wp\/v2\/media?parent=588"}],"curies":[{"name":"wp","href":"https:\/\/api.w.org\/{rel}","templated":true}]}}