{"id":583,"date":"2026-02-05T08:36:15","date_gmt":"2026-02-05T07:36:15","guid":{"rendered":"https:\/\/solucionesagua.es\/contacte\/"},"modified":"2026-03-30T11:25:43","modified_gmt":"2026-03-30T09:25:43","slug":"contacte","status":"publish","type":"page","link":"https:\/\/solucionesagua.es\/ca\/contacte\/","title":{"rendered":"Contacte"},"content":{"rendered":"\t\t<div data-elementor-type=\"wp-page\" data-elementor-id=\"583\" class=\"elementor elementor-583 elementor-50\" data-elementor-post-type=\"page\">\n\t\t\t\t<div class=\"elementor-element elementor-element-ae04ad0 e-con-full e-flex e-con e-parent\" data-id=\"ae04ad0\" data-element_type=\"container\" data-e-type=\"container\" data-settings=\"{&quot;background_background&quot;:&quot;classic&quot;}\">\n\t\t<div class=\"elementor-element elementor-element-d37df4b e-con-full elementor-hidden-desktop e-flex e-con e-child\" data-id=\"d37df4b\" data-element_type=\"container\" data-e-type=\"container\">\n\t\t\t\t<div class=\"elementor-element elementor-element-8dfd7fe elementor-widget elementor-widget-text-editor\" data-id=\"8dfd7fe\" data-element_type=\"widget\" data-e-type=\"widget\" data-widget_type=\"text-editor.default\">\n\t\t\t\t\t\t\t\t\t<p>Contacte<\/p>\t\t\t\t\t\t\t\t<\/div>\n\t\t\t\t<div class=\"elementor-element elementor-element-e763537 elementor-widget elementor-widget-text-editor\" data-id=\"e763537\" data-element_type=\"widget\" data-e-type=\"widget\" data-widget_type=\"text-editor.default\">\n\t\t\t\t\t\t\t\t\t<p>Solucions d\u2019Aigua<\/p>\t\t\t\t\t\t\t\t<\/div>\n\t\t\t\t<\/div>\n\t\t<div class=\"elementor-element elementor-element-e78da51 e-con-full elementor-hidden-tablet elementor-hidden-mobile e-flex e-con e-child\" data-id=\"e78da51\" data-element_type=\"container\" data-e-type=\"container\">\n\t\t\t\t<div class=\"elementor-element elementor-element-763d00e elementor-widget__width-initial e-transform e-transform e-transform elementor-widget-tablet__width-auto elementor-widget elementor-widget-text-editor\" data-id=\"763d00e\" data-element_type=\"widget\" data-e-type=\"widget\" data-settings=\"{&quot;_transform_rotateZ_effect&quot;:{&quot;unit&quot;:&quot;px&quot;,&quot;size&quot;:-90,&quot;sizes&quot;:[]},&quot;_transform_translateX_effect&quot;:{&quot;unit&quot;:&quot;px&quot;,&quot;size&quot;:-49,&quot;sizes&quot;:[]},&quot;_transform_translateY_effect&quot;:{&quot;unit&quot;:&quot;px&quot;,&quot;size&quot;:12,&quot;sizes&quot;:[]},&quot;_transform_scale_effect&quot;:{&quot;unit&quot;:&quot;px&quot;,&quot;size&quot;:2,&quot;sizes&quot;:[]},&quot;_transform_rotateZ_effect_tablet&quot;:{&quot;unit&quot;:&quot;deg&quot;,&quot;size&quot;:0,&quot;sizes&quot;:[]},&quot;_transform_translateX_effect_tablet&quot;:{&quot;unit&quot;:&quot;px&quot;,&quot;size&quot;:0,&quot;sizes&quot;:[]},&quot;_transform_translateY_effect_tablet&quot;:{&quot;unit&quot;:&quot;px&quot;,&quot;size&quot;:0,&quot;sizes&quot;:[]},&quot;_transform_scale_effect_tablet&quot;:{&quot;unit&quot;:&quot;px&quot;,&quot;size&quot;:0,&quot;sizes&quot;:[]},&quot;_transform_rotateZ_effect_mobile&quot;:{&quot;unit&quot;:&quot;deg&quot;,&quot;size&quot;:&quot;&quot;,&quot;sizes&quot;:[]},&quot;_transform_translateX_effect_mobile&quot;:{&quot;unit&quot;:&quot;px&quot;,&quot;size&quot;:&quot;&quot;,&quot;sizes&quot;:[]},&quot;_transform_translateY_effect_mobile&quot;:{&quot;unit&quot;:&quot;px&quot;,&quot;size&quot;:&quot;&quot;,&quot;sizes&quot;:[]},&quot;_transform_scale_effect_mobile&quot;:{&quot;unit&quot;:&quot;px&quot;,&quot;size&quot;:&quot;&quot;,&quot;sizes&quot;:[]}}\" data-widget_type=\"text-editor.default\">\n\t\t\t\t\t\t\t\t\t<p>Solucions d\u2019Aigua<\/p>\t\t\t\t\t\t\t\t<\/div>\n\t\t\t\t<div class=\"elementor-element elementor-element-530e4b8 elementor-widget__width-initial e-transform e-transform elementor-widget elementor-widget-text-editor\" data-id=\"530e4b8\" data-element_type=\"widget\" data-e-type=\"widget\" data-settings=\"{&quot;_transform_rotateZ_effect&quot;:{&quot;unit&quot;:&quot;px&quot;,&quot;size&quot;:-90,&quot;sizes&quot;:[]},&quot;_transform_translateX_effect&quot;:{&quot;unit&quot;:&quot;px&quot;,&quot;size&quot;:16,&quot;sizes&quot;:[]},&quot;_transform_translateY_effect&quot;:{&quot;unit&quot;:&quot;px&quot;,&quot;size&quot;:5,&quot;sizes&quot;:[]},&quot;_transform_rotateZ_effect_tablet&quot;:{&quot;unit&quot;:&quot;deg&quot;,&quot;size&quot;:0,&quot;sizes&quot;:[]},&quot;_transform_rotateZ_effect_mobile&quot;:{&quot;unit&quot;:&quot;deg&quot;,&quot;size&quot;:&quot;&quot;,&quot;sizes&quot;:[]},&quot;_transform_translateX_effect_tablet&quot;:{&quot;unit&quot;:&quot;px&quot;,&quot;size&quot;:&quot;&quot;,&quot;sizes&quot;:[]},&quot;_transform_translateX_effect_mobile&quot;:{&quot;unit&quot;:&quot;px&quot;,&quot;size&quot;:&quot;&quot;,&quot;sizes&quot;:[]},&quot;_transform_translateY_effect_tablet&quot;:{&quot;unit&quot;:&quot;px&quot;,&quot;size&quot;:&quot;&quot;,&quot;sizes&quot;:[]},&quot;_transform_translateY_effect_mobile&quot;:{&quot;unit&quot;:&quot;px&quot;,&quot;size&quot;:&quot;&quot;,&quot;sizes&quot;:[]}}\" data-widget_type=\"text-editor.default\">\n\t\t\t\t\t\t\t\t\t<p>Contacte<\/p>\t\t\t\t\t\t\t\t<\/div>\n\t\t\t\t<\/div>\n\t\t<div class=\"elementor-element elementor-element-e7ebf98 e-con-full e-flex e-con e-child\" data-id=\"e7ebf98\" data-element_type=\"container\" data-e-type=\"container\" data-settings=\"{&quot;background_background&quot;:&quot;classic&quot;}\">\n\t\t\t\t<\/div>\n\t\t<div class=\"elementor-element elementor-element-1a85035 e-con-full e-flex e-con e-child\" data-id=\"1a85035\" data-element_type=\"container\" data-e-type=\"container\">\n\t\t\t\t<div class=\"elementor-element elementor-element-5514f55 elementor-widget elementor-widget-heading\" data-id=\"5514f55\" data-element_type=\"widget\" data-e-type=\"widget\" data-widget_type=\"heading.default\">\n\t\t\t\t\t<h1 class=\"elementor-heading-title elementor-size-default\">Necessiteu m\u00e9s informaci\u00f3 o voleu sol\u00b7licitar un pressupost?<\/h1>\t\t\t\t<\/div>\n\t\t\t\t<div class=\"elementor-element elementor-element-d6fce13 elementor-widget elementor-widget-text-editor\" data-id=\"d6fce13\" data-element_type=\"widget\" data-e-type=\"widget\" data-widget_type=\"text-editor.default\">\n\t\t\t\t\t\t\t\t\t<p>Dades de contacte\u2028 (Pendent de definir)<br>Tel\u00e8fon: <br>Correu electr\u00f2nic: <br>Adre\u00e7a:  <\/p>\t\t\t\t\t\t\t\t<\/div>\n\t\t\t\t<\/div>\n\t\t\t\t<\/div>\n\t\t<div class=\"elementor-element elementor-element-1fa05b8 e-con-full e-flex e-con e-parent\" data-id=\"1fa05b8\" data-element_type=\"container\" data-e-type=\"container\" data-settings=\"{&quot;background_background&quot;:&quot;classic&quot;}\">\n\t\t<div class=\"elementor-element elementor-element-c7a46eb e-con-full e-flex e-con e-child\" data-id=\"c7a46eb\" data-element_type=\"container\" data-e-type=\"container\">\n\t\t\t\t<div class=\"elementor-element elementor-element-58ac2d0 elementor-widget elementor-widget-heading\" data-id=\"58ac2d0\" data-element_type=\"widget\" data-e-type=\"widget\" data-widget_type=\"heading.default\">\n\t\t\t\t\t<h2 class=\"elementor-heading-title elementor-size-default\">Ompliu el formulari<\/h2>\t\t\t\t<\/div>\n\t\t\t\t<div class=\"elementor-element elementor-element-64c2a1f elementor-widget elementor-widget-text-editor\" data-id=\"64c2a1f\" data-element_type=\"widget\" data-e-type=\"widget\" data-widget_type=\"text-editor.default\">\n\t\t\t\t\t\t\t\t\t<p>Contacteu amb nosaltres per rebre informaci\u00f3, documentaci\u00f3 t\u00e8cnica o assessorament personalitzat sobre qualsevol de les nostres solucions.<\/p>\t\t\t\t\t\t\t\t<\/div>\n\t\t\t\t<\/div>\n\t\t<div class=\"elementor-element elementor-element-b548a91 e-con-full e-flex e-con e-child\" data-id=\"b548a91\" data-element_type=\"container\" data-e-type=\"container\" data-settings=\"{&quot;background_background&quot;:&quot;classic&quot;}\">\n\t\t\t\t<div class=\"elementor-element elementor-element-fee5e05 elementor-button-align-start elementor-widget elementor-widget-form\" data-id=\"fee5e05\" data-element_type=\"widget\" data-e-type=\"widget\" data-settings=\"{&quot;step_next_label&quot;:&quot;Seg\\u00fcent&quot;,&quot;step_previous_label&quot;:&quot;Anterior&quot;,&quot;button_width&quot;:&quot;100&quot;,&quot;step_type&quot;:&quot;number_text&quot;,&quot;step_icon_shape&quot;:&quot;circle&quot;}\" data-widget_type=\"form.default\">\n\t\t\t\t\t\t\t<form class=\"elementor-form\" method=\"post\" name=\"Formulari de contacte\" aria-label=\"Formulari de contacte\">\n\t\t\t<input type=\"hidden\" name=\"post_id\" value=\"583\"\/>\n\t\t\t<input type=\"hidden\" name=\"form_id\" value=\"fee5e05\"\/>\n\t\t\t<input type=\"hidden\" name=\"referer_title\" value=\"Contacte Solucions d\u2019Aigua - Soluciones para el agua\" \/>\n\n\t\t\t\t\t\t\t<input type=\"hidden\" name=\"queried_id\" value=\"583\"\/>\n\t\t\t\n\t\t\t<div class=\"elementor-form-fields-wrapper elementor-labels-\">\n\t\t\t\t\t\t\t\t<div class=\"elementor-field-type-text elementor-field-group elementor-column elementor-field-group-name elementor-col-50 elementor-field-required\">\n\t\t\t\t\t\t\t\t\t\t\t\t<label for=\"form-field-name\" class=\"elementor-field-label elementor-screen-only\">\n\t\t\t\t\t\t\t\tNom i cognoms\t\t\t\t\t\t\t<\/label>\n\t\t\t\t\t\t\t\t\t\t\t\t\t\t<input size=\"1\" type=\"text\" name=\"form_fields[name]\" id=\"form-field-name\" class=\"elementor-field elementor-size-sm  elementor-field-textual\" placeholder=\"Nom i cognoms\" required=\"required\">\n\t\t\t\t\t\t\t\t\t\t\t<\/div>\n\t\t\t\t\t\t\t\t<div class=\"elementor-field-type-email elementor-field-group elementor-column elementor-field-group-email elementor-col-50 elementor-field-required\">\n\t\t\t\t\t\t\t\t\t\t\t\t<label for=\"form-field-email\" class=\"elementor-field-label elementor-screen-only\">\n\t\t\t\t\t\t\t\tCorreu electr\u00f2nic\t\t\t\t\t\t\t<\/label>\n\t\t\t\t\t\t\t\t\t\t\t\t\t\t<input size=\"1\" type=\"email\" name=\"form_fields[email]\" id=\"form-field-email\" class=\"elementor-field elementor-size-sm  elementor-field-textual\" placeholder=\"Correu electr\u00f2nic\" required=\"required\">\n\t\t\t\t\t\t\t\t\t\t\t<\/div>\n\t\t\t\t\t\t\t\t<div class=\"elementor-field-type-tel elementor-field-group elementor-column elementor-field-group-field_6da7447 elementor-col-50\">\n\t\t\t\t\t\t\t\t\t\t\t\t<label for=\"form-field-field_6da7447\" class=\"elementor-field-label elementor-screen-only\">\n\t\t\t\t\t\t\t\tTel\u00e8fon de contacte\t\t\t\t\t\t\t<\/label>\n\t\t\t\t\t\t\t\t<input size=\"1\" type=\"tel\" name=\"form_fields[field_6da7447]\" id=\"form-field-field_6da7447\" class=\"elementor-field elementor-size-sm  elementor-field-textual\" placeholder=\"Tel\u00e8fon de contacte\" pattern=\"[0-9()#&amp;+*-=.]+\" title=\"Only numbers and phone characters (#, -, *, etc) are accepted.\">\n\n\t\t\t\t\t\t<\/div>\n\t\t\t\t\t\t\t\t<div class=\"elementor-field-type-text elementor-field-group elementor-column elementor-field-group-field_7001734 elementor-col-50\">\n\t\t\t\t\t\t\t\t\t\t\t\t<label for=\"form-field-field_7001734\" class=\"elementor-field-label elementor-screen-only\">\n\t\t\t\t\t\t\t\tEmpresa\t\t\t\t\t\t\t<\/label>\n\t\t\t\t\t\t\t\t\t\t\t\t\t\t<input size=\"1\" type=\"text\" name=\"form_fields[field_7001734]\" id=\"form-field-field_7001734\" class=\"elementor-field elementor-size-sm  elementor-field-textual\" placeholder=\"Empresa\">\n\t\t\t\t\t\t\t\t\t\t\t<\/div>\n\t\t\t\t\t\t\t\t<div class=\"elementor-field-type-textarea elementor-field-group elementor-column elementor-field-group-message elementor-col-100\">\n\t\t\t\t\t\t\t\t\t\t\t\t<label for=\"form-field-message\" class=\"elementor-field-label elementor-screen-only\">\n\t\t\t\t\t\t\t\tMissatge\t\t\t\t\t\t\t<\/label>\n\t\t\t\t\t\t<textarea class=\"elementor-field-textual elementor-field  elementor-size-sm\" name=\"form_fields[message]\" id=\"form-field-message\" rows=\"4\" placeholder=\"Missatge\"><\/textarea>\t\t\t\t<\/div>\n\t\t\t\t\t\t\t\t<div class=\"elementor-field-type-acceptance elementor-field-group elementor-column elementor-field-group-field_18b7c2f elementor-col-100\">\n\t\t\t\t\t\t\t<div class=\"elementor-field-subgroup\">\n\t\t\t<span class=\"elementor-field-option\">\n\t\t\t\t<input type=\"checkbox\" name=\"form_fields[field_18b7c2f]\" id=\"form-field-field_18b7c2f\" class=\"elementor-field elementor-size-sm  elementor-acceptance-field\">\n\t\t\t\t<label for=\"form-field-field_18b7c2f\"><font size=\"2\">  \n  Accepto la gesti\u00f3 de les meves dades tal com s\u2019indica a la pol\u00edtica de privacitat.\n<\/font><\/label>\t\t\t<\/span>\n\t\t<\/div>\n\t\t\t\t\t\t<\/div>\n\t\t\t\t\t\t\t\t<div class=\"elementor-field-group elementor-column elementor-field-type-submit elementor-col-100 e-form__buttons\">\n\t\t\t\t\t<button class=\"elementor-button elementor-size-sm\" type=\"submit\">\n\t\t\t\t\t\t<span class=\"elementor-button-content-wrapper\">\n\t\t\t\t\t\t\t\t\t\t\t\t\t\t\t\t\t\t\t\t\t\t<span class=\"elementor-button-text\">Envia<\/span>\n\t\t\t\t\t\t\t\t\t\t\t\t\t<\/span>\n\t\t\t\t\t<\/button>\n\t\t\t\t<\/div>\n\t\t\t<\/div>\n\t\t<\/form>\n\t\t\t\t\t\t<\/div>\n\t\t\t\t<\/div>\n\t\t\t\t<\/div>\n\t\t\t\t<\/div>\n\t\t","protected":false},"excerpt":{"rendered":"<p>Contacte Solucions d\u2019Aigua Solucions d\u2019Aigua Contacte Necessiteu m\u00e9s informaci\u00f3 o voleu sol\u00b7licitar un pressupost? Dades de contacte\u2028 (Pendent de definir)Tel\u00e8fon: Correu electr\u00f2nic: Adre\u00e7a: Ompliu el formulari Contacteu amb nosaltres per rebre informaci\u00f3, documentaci\u00f3 t\u00e8cnica o assessorament personalitzat sobre qualsevol de les nostres solucions.<\/p>\n","protected":false},"author":1,"featured_media":585,"parent":0,"menu_order":0,"comment_status":"closed","ping_status":"closed","template":"","meta":{"footnotes":""},"class_list":["post-583","page","type-page","status-publish","has-post-thumbnail","hentry"],"yoast_head":"<!-- This site is optimized with the Yoast SEO plugin v27.5 - https:\/\/yoast.com\/product\/yoast-seo-wordpress\/ -->\n<title>Contacte Solucions d\u2019Aigua - Soluciones para el agua<\/title>\n<meta name=\"description\" content=\"Poseu-vos en contacte amb Solucions d\u2019Aigua per a assessorament i solucions en gesti\u00f3, optimitzaci\u00f3 i reutilitzaci\u00f3 de l\u2019aigua.\" \/>\n<meta name=\"robots\" content=\"index, follow, max-snippet:-1, max-image-preview:large, max-video-preview:-1\" \/>\n<link rel=\"canonical\" href=\"https:\/\/solucionesagua.es\/ca\/contacte\/\" \/>\n<meta property=\"og:locale\" content=\"ca_ES\" \/>\n<meta property=\"og:type\" content=\"article\" \/>\n<meta property=\"og:title\" content=\"Contacte Solucions d\u2019Aigua - Soluciones para el agua\" \/>\n<meta property=\"og:description\" content=\"Poseu-vos en contacte amb Solucions d\u2019Aigua per a assessorament i solucions en gesti\u00f3, optimitzaci\u00f3 i reutilitzaci\u00f3 de l\u2019aigua.\" \/>\n<meta property=\"og:url\" content=\"https:\/\/solucionesagua.es\/ca\/contacte\/\" \/>\n<meta property=\"og:site_name\" content=\"Soluciones para el agua\" \/>\n<meta property=\"article:modified_time\" content=\"2026-03-30T09:25:43+00:00\" \/>\n<meta property=\"og:image\" content=\"https:\/\/solucionesagua.es\/wp-content\/uploads\/2026\/02\/IconaSolucionesAgua.png\" \/>\n\t<meta property=\"og:image:width\" content=\"929\" \/>\n\t<meta property=\"og:image:height\" content=\"960\" \/>\n\t<meta property=\"og:image:type\" content=\"image\/png\" \/>\n<meta name=\"twitter:card\" content=\"summary_large_image\" \/>\n<script type=\"application\/ld+json\" class=\"yoast-schema-graph\">{\"@context\":\"https:\\\/\\\/schema.org\",\"@graph\":[{\"@type\":\"WebPage\",\"@id\":\"https:\\\/\\\/solucionesagua.es\\\/ca\\\/contacte\\\/\",\"url\":\"https:\\\/\\\/solucionesagua.es\\\/ca\\\/contacte\\\/\",\"name\":\"Contacte Solucions d\u2019Aigua - Soluciones para el agua\",\"isPartOf\":{\"@id\":\"https:\\\/\\\/solucionesagua.es\\\/ca\\\/#website\"},\"primaryImageOfPage\":{\"@id\":\"https:\\\/\\\/solucionesagua.es\\\/ca\\\/contacte\\\/#primaryimage\"},\"image\":{\"@id\":\"https:\\\/\\\/solucionesagua.es\\\/ca\\\/contacte\\\/#primaryimage\"},\"thumbnailUrl\":\"https:\\\/\\\/solucionesagua.es\\\/wp-content\\\/uploads\\\/2026\\\/02\\\/IconaSolucionesAgua.png\",\"datePublished\":\"2026-02-05T07:36:15+00:00\",\"dateModified\":\"2026-03-30T09:25:43+00:00\",\"description\":\"Poseu-vos en contacte amb Solucions d\u2019Aigua per a assessorament i solucions en gesti\u00f3, optimitzaci\u00f3 i reutilitzaci\u00f3 de l\u2019aigua.\",\"breadcrumb\":{\"@id\":\"https:\\\/\\\/solucionesagua.es\\\/ca\\\/contacte\\\/#breadcrumb\"},\"inLanguage\":\"ca\",\"potentialAction\":[{\"@type\":\"ReadAction\",\"target\":[\"https:\\\/\\\/solucionesagua.es\\\/ca\\\/contacte\\\/\"]}]},{\"@type\":\"ImageObject\",\"inLanguage\":\"ca\",\"@id\":\"https:\\\/\\\/solucionesagua.es\\\/ca\\\/contacte\\\/#primaryimage\",\"url\":\"https:\\\/\\\/solucionesagua.es\\\/wp-content\\\/uploads\\\/2026\\\/02\\\/IconaSolucionesAgua.png\",\"contentUrl\":\"https:\\\/\\\/solucionesagua.es\\\/wp-content\\\/uploads\\\/2026\\\/02\\\/IconaSolucionesAgua.png\",\"width\":929,\"height\":960,\"caption\":\"Icona Soluciones Agua\"},{\"@type\":\"BreadcrumbList\",\"@id\":\"https:\\\/\\\/solucionesagua.es\\\/ca\\\/contacte\\\/#breadcrumb\",\"itemListElement\":[{\"@type\":\"ListItem\",\"position\":1,\"name\":\"Portada\",\"item\":\"https:\\\/\\\/solucionesagua.es\\\/ca\\\/inici\\\/\"},{\"@type\":\"ListItem\",\"position\":2,\"name\":\"Contacte\"}]},{\"@type\":\"WebSite\",\"@id\":\"https:\\\/\\\/solucionesagua.es\\\/ca\\\/#website\",\"url\":\"https:\\\/\\\/solucionesagua.es\\\/ca\\\/\",\"name\":\"Soluciones para el agua\",\"description\":\"Gesti\u00f3n sostenible de los recursos h\u00eddricos, la reutilizaci\u00f3n y reciclaje del agua\",\"publisher\":{\"@id\":\"https:\\\/\\\/solucionesagua.es\\\/ca\\\/#organization\"},\"potentialAction\":[{\"@type\":\"SearchAction\",\"target\":{\"@type\":\"EntryPoint\",\"urlTemplate\":\"https:\\\/\\\/solucionesagua.es\\\/ca\\\/?s={search_term_string}\"},\"query-input\":{\"@type\":\"PropertyValueSpecification\",\"valueRequired\":true,\"valueName\":\"search_term_string\"}}],\"inLanguage\":\"ca\"},{\"@type\":\"Organization\",\"@id\":\"https:\\\/\\\/solucionesagua.es\\\/ca\\\/#organization\",\"name\":\"Soluciones para el agua\",\"url\":\"https:\\\/\\\/solucionesagua.es\\\/ca\\\/\",\"logo\":{\"@type\":\"ImageObject\",\"inLanguage\":\"ca\",\"@id\":\"https:\\\/\\\/solucionesagua.es\\\/ca\\\/#\\\/schema\\\/logo\\\/image\\\/\",\"url\":\"https:\\\/\\\/solucionesagua.es\\\/wp-content\\\/uploads\\\/2026\\\/02\\\/logoSolucionesAgua.png\",\"contentUrl\":\"https:\\\/\\\/solucionesagua.es\\\/wp-content\\\/uploads\\\/2026\\\/02\\\/logoSolucionesAgua.png\",\"width\":2351,\"height\":960,\"caption\":\"Soluciones para el agua\"},\"image\":{\"@id\":\"https:\\\/\\\/solucionesagua.es\\\/ca\\\/#\\\/schema\\\/logo\\\/image\\\/\"}}]}<\/script>\n<!-- \/ Yoast SEO plugin. -->","yoast_head_json":{"title":"Contacte Solucions d\u2019Aigua - Soluciones para el agua","description":"Poseu-vos en contacte amb Solucions d\u2019Aigua per a assessorament i solucions en gesti\u00f3, optimitzaci\u00f3 i reutilitzaci\u00f3 de l\u2019aigua.","robots":{"index":"index","follow":"follow","max-snippet":"max-snippet:-1","max-image-preview":"max-image-preview:large","max-video-preview":"max-video-preview:-1"},"canonical":"https:\/\/solucionesagua.es\/ca\/contacte\/","og_locale":"ca_ES","og_type":"article","og_title":"Contacte Solucions d\u2019Aigua - Soluciones para el agua","og_description":"Poseu-vos en contacte amb Solucions d\u2019Aigua per a assessorament i solucions en gesti\u00f3, optimitzaci\u00f3 i reutilitzaci\u00f3 de l\u2019aigua.","og_url":"https:\/\/solucionesagua.es\/ca\/contacte\/","og_site_name":"Soluciones para el agua","article_modified_time":"2026-03-30T09:25:43+00:00","og_image":[{"width":929,"height":960,"url":"https:\/\/solucionesagua.es\/wp-content\/uploads\/2026\/02\/IconaSolucionesAgua.png","type":"image\/png"}],"twitter_card":"summary_large_image","schema":{"@context":"https:\/\/schema.org","@graph":[{"@type":"WebPage","@id":"https:\/\/solucionesagua.es\/ca\/contacte\/","url":"https:\/\/solucionesagua.es\/ca\/contacte\/","name":"Contacte Solucions d\u2019Aigua - Soluciones para el agua","isPartOf":{"@id":"https:\/\/solucionesagua.es\/ca\/#website"},"primaryImageOfPage":{"@id":"https:\/\/solucionesagua.es\/ca\/contacte\/#primaryimage"},"image":{"@id":"https:\/\/solucionesagua.es\/ca\/contacte\/#primaryimage"},"thumbnailUrl":"https:\/\/solucionesagua.es\/wp-content\/uploads\/2026\/02\/IconaSolucionesAgua.png","datePublished":"2026-02-05T07:36:15+00:00","dateModified":"2026-03-30T09:25:43+00:00","description":"Poseu-vos en contacte amb Solucions d\u2019Aigua per a assessorament i solucions en gesti\u00f3, optimitzaci\u00f3 i reutilitzaci\u00f3 de l\u2019aigua.","breadcrumb":{"@id":"https:\/\/solucionesagua.es\/ca\/contacte\/#breadcrumb"},"inLanguage":"ca","potentialAction":[{"@type":"ReadAction","target":["https:\/\/solucionesagua.es\/ca\/contacte\/"]}]},{"@type":"ImageObject","inLanguage":"ca","@id":"https:\/\/solucionesagua.es\/ca\/contacte\/#primaryimage","url":"https:\/\/solucionesagua.es\/wp-content\/uploads\/2026\/02\/IconaSolucionesAgua.png","contentUrl":"https:\/\/solucionesagua.es\/wp-content\/uploads\/2026\/02\/IconaSolucionesAgua.png","width":929,"height":960,"caption":"Icona Soluciones Agua"},{"@type":"BreadcrumbList","@id":"https:\/\/solucionesagua.es\/ca\/contacte\/#breadcrumb","itemListElement":[{"@type":"ListItem","position":1,"name":"Portada","item":"https:\/\/solucionesagua.es\/ca\/inici\/"},{"@type":"ListItem","position":2,"name":"Contacte"}]},{"@type":"WebSite","@id":"https:\/\/solucionesagua.es\/ca\/#website","url":"https:\/\/solucionesagua.es\/ca\/","name":"Soluciones para el agua","description":"Gesti\u00f3n sostenible de los recursos h\u00eddricos, la reutilizaci\u00f3n y reciclaje del agua","publisher":{"@id":"https:\/\/solucionesagua.es\/ca\/#organization"},"potentialAction":[{"@type":"SearchAction","target":{"@type":"EntryPoint","urlTemplate":"https:\/\/solucionesagua.es\/ca\/?s={search_term_string}"},"query-input":{"@type":"PropertyValueSpecification","valueRequired":true,"valueName":"search_term_string"}}],"inLanguage":"ca"},{"@type":"Organization","@id":"https:\/\/solucionesagua.es\/ca\/#organization","name":"Soluciones para el agua","url":"https:\/\/solucionesagua.es\/ca\/","logo":{"@type":"ImageObject","inLanguage":"ca","@id":"https:\/\/solucionesagua.es\/ca\/#\/schema\/logo\/image\/","url":"https:\/\/solucionesagua.es\/wp-content\/uploads\/2026\/02\/logoSolucionesAgua.png","contentUrl":"https:\/\/solucionesagua.es\/wp-content\/uploads\/2026\/02\/logoSolucionesAgua.png","width":2351,"height":960,"caption":"Soluciones para el agua"},"image":{"@id":"https:\/\/solucionesagua.es\/ca\/#\/schema\/logo\/image\/"}}]}},"_links":{"self":[{"href":"https:\/\/solucionesagua.es\/ca\/wp-json\/wp\/v2\/pages\/583","targetHints":{"allow":["GET"]}}],"collection":[{"href":"https:\/\/solucionesagua.es\/ca\/wp-json\/wp\/v2\/pages"}],"about":[{"href":"https:\/\/solucionesagua.es\/ca\/wp-json\/wp\/v2\/types\/page"}],"author":[{"embeddable":true,"href":"https:\/\/solucionesagua.es\/ca\/wp-json\/wp\/v2\/users\/1"}],"replies":[{"embeddable":true,"href":"https:\/\/solucionesagua.es\/ca\/wp-json\/wp\/v2\/comments?post=583"}],"version-history":[{"count":1,"href":"https:\/\/solucionesagua.es\/ca\/wp-json\/wp\/v2\/pages\/583\/revisions"}],"predecessor-version":[{"id":586,"href":"https:\/\/solucionesagua.es\/ca\/wp-json\/wp\/v2\/pages\/583\/revisions\/586"}],"wp:featuredmedia":[{"embeddable":true,"href":"https:\/\/solucionesagua.es\/ca\/wp-json\/wp\/v2\/media\/585"}],"wp:attachment":[{"href":"https:\/\/solucionesagua.es\/ca\/wp-json\/wp\/v2\/media?parent=583"}],"curies":[{"name":"wp","href":"https:\/\/api.w.org\/{rel}","templated":true}]}}